{"id":2267,"date":"2026-04-16T17:42:49","date_gmt":"2026-04-16T15:42:49","guid":{"rendered":"https:\/\/stmarcelconduite.com\/?page_id=2267"},"modified":"2026-04-17T11:47:56","modified_gmt":"2026-04-17T09:47:56","slug":"permis-be-remorque","status":"publish","type":"page","link":"https:\/\/stmarcelconduite.com\/index.php\/permis-be-remorque\/","title":{"rendered":"Permis BE &#8211; Remorque"},"content":{"rendered":"\t\t<div data-elementor-type=\"wp-page\" data-elementor-id=\"2267\" class=\"elementor elementor-2267\">\n\t\t\t\t\t\t<section class=\"elementor-section elementor-top-section elementor-element elementor-element-4e7e5c7 elementor-section-boxed elementor-section-height-default elementor-section-height-default\" data-id=\"4e7e5c7\" data-element_type=\"section\">\n\t\t\t\t\t\t<div class=\"elementor-container elementor-column-gap-default\">\n\t\t\t\t\t<div class=\"elementor-column elementor-col-100 elementor-top-column elementor-element elementor-element-216a361\" data-id=\"216a361\" data-element_type=\"column\">\n\t\t\t<div class=\"elementor-widget-wrap elementor-element-populated\">\n\t\t\t\t\t\t<div class=\"elementor-element elementor-element-14ab216 elementor-widget elementor-widget-heading\" data-id=\"14ab216\" data-element_type=\"widget\" data-widget_type=\"heading.default\">\n\t\t\t\t<div class=\"elementor-widget-container\">\n\t\t\t\t\t<h1 class=\"elementor-heading-title elementor-size-default\">Permis BE \u00e0 Valence (26) : formation remorque en Dr\u00f4me<\/h1>\t\t\t\t<\/div>\n\t\t\t\t<\/div>\n\t\t\t\t\t<\/div>\n\t\t<\/div>\n\t\t\t\t\t<\/div>\n\t\t<\/section>\n\t\t\t\t<section class=\"elementor-section elementor-top-section elementor-element elementor-element-80bc87c elementor-section-boxed elementor-section-height-default elementor-section-height-default\" data-id=\"80bc87c\" data-element_type=\"section\">\n\t\t\t\t\t\t<div class=\"elementor-container elementor-column-gap-default\">\n\t\t\t\t\t<div class=\"elementor-column elementor-col-100 elementor-top-column elementor-element elementor-element-75c641c\" data-id=\"75c641c\" data-element_type=\"column\">\n\t\t\t<div class=\"elementor-widget-wrap elementor-element-populated\">\n\t\t\t\t\t\t<div class=\"elementor-element elementor-element-87662b2 elementor-widget elementor-widget-text-editor\" data-id=\"87662b2\" data-element_type=\"widget\" data-widget_type=\"text-editor.default\">\n\t\t\t\t<div class=\"elementor-widget-container\">\n\t\t\t\t\t\t\t\t\t<p data-start=\"641\" data-end=\"905\">Vous recherchez une formation pour le <strong data-start=\"679\" data-end=\"702\">permis BE \u00e0 Valence<\/strong>, <strong data-start=\"704\" data-end=\"729\">Ch\u00e2teauneuf-sur-Is\u00e8re<\/strong> ou dans la <strong data-start=\"741\" data-end=\"755\">Dr\u00f4me (26)<\/strong> ? Notre auto-\u00e9cole vous propose une formation compl\u00e8te pour conduire avec une remorque lourde en toute s\u00e9curit\u00e9 et conformit\u00e9 avec la r\u00e9glementation.<\/p><h2 data-section-id=\"1dwws5z\" data-start=\"907\" data-end=\"941\">Permis BE remorque : d\u00e9finition<\/h2><p data-start=\"943\" data-end=\"985\">Le <strong data-start=\"946\" data-end=\"959\">permis BE<\/strong> est obligatoire lorsque :<\/p><ul data-start=\"986\" data-end=\"1081\"><li data-section-id=\"t3k8t5\" data-start=\"1030\" data-end=\"1081\">Le total <strong data-start=\"1041\" data-end=\"1081\">v\u00e9hicule + remorque d\u00e9passe 4 250 kg<\/strong><\/li><\/ul><p data-start=\"1083\" data-end=\"1215\">\ud83d\udc49 Ce permis remorque est indispensable pour le transport de mat\u00e9riel, de v\u00e9hicules ou pour les loisirs (caravane, bateau, chevaux).<\/p><h2 data-section-id=\"qhk2nv\" data-start=\"1217\" data-end=\"1274\">Formation permis BE \u00e0 Valence et Ch\u00e2teauneuf-sur-Is\u00e8re<\/h2><p data-start=\"1276\" data-end=\"1398\">Notre formation au <strong data-start=\"1295\" data-end=\"1322\">permis BE dans la Dr\u00f4me<\/strong> est con\u00e7ue pour une progression rapide avec un accompagnement personnalis\u00e9.<\/p><h3 data-section-id=\"fozfc0\" data-start=\"1400\" data-end=\"1432\">\u2714 Formation hors circulation<\/h3><ul data-start=\"1433\" data-end=\"1517\"><li data-section-id=\"thtr8h\" data-start=\"1433\" data-end=\"1457\">Attelage et d\u00e9telage<\/li><li data-section-id=\"1b0crtx\" data-start=\"1458\" data-end=\"1487\">V\u00e9rifications de s\u00e9curit\u00e9<\/li><li data-section-id=\"5vdop2\" data-start=\"1488\" data-end=\"1517\">Maniabilit\u00e9 avec remorque<\/li><\/ul><h3 data-section-id=\"gfz2tp\" data-start=\"1519\" data-end=\"1549\">\u2714 Formation en circulation<\/h3><ul data-start=\"1550\" data-end=\"1677\"><li data-section-id=\"8o96h4\" data-start=\"1550\" data-end=\"1605\">Conduite autour de Valence et Ch\u00e2teauneuf-sur-Is\u00e8re<\/li><li data-section-id=\"c2yc68\" data-start=\"1606\" data-end=\"1648\">Gestion des trajectoires et du gabarit<\/li><li data-section-id=\"1ftmayh\" data-start=\"1649\" data-end=\"1677\">Anticipation et freinage<\/li><\/ul><h2 data-section-id=\"rxh00m\" data-start=\"1679\" data-end=\"1712\">Examen du permis BE (Dr\u00f4me 26)<\/h2><p data-start=\"1714\" data-end=\"1733\">L\u2019examen comprend :<\/p><ul data-start=\"1734\" data-end=\"1801\"><li data-section-id=\"whzfyf\" data-start=\"1734\" data-end=\"1768\">Une <strong data-start=\"1740\" data-end=\"1768\">\u00e9preuve hors circulation<\/strong><\/li><li data-section-id=\"6j7x0q\" data-start=\"1769\" data-end=\"1801\">Une <strong data-start=\"1775\" data-end=\"1801\">\u00e9preuve en circulation<\/strong><\/li><\/ul><p data-start=\"1803\" data-end=\"1884\">Nos moniteurs vous pr\u00e9parent efficacement pour maximiser vos chances de r\u00e9ussite.<\/p><h2 data-section-id=\"1giy0y5\" data-start=\"1886\" data-end=\"1943\">Pourquoi choisir notre formation permis BE \u00e0 Valence ?<\/h2><p>\u00a0<\/p><ul data-start=\"1945\" data-end=\"2105\"><li data-section-id=\"unzkek\" data-start=\"1945\" data-end=\"1977\">Formation rapide et flexible<\/li><li data-section-id=\"zqvo4f\" data-start=\"1978\" data-end=\"2004\">Moniteurs exp\u00e9riment\u00e9s<\/li><li data-section-id=\"f0xaia\" data-start=\"2005\" data-end=\"2073\">Secteur local : Valence, Ch\u00e2teauneuf-sur-Is\u00e8re, Romans-sur-Is\u00e8re<\/li><li data-section-id=\"1mljltt\" data-start=\"2074\" data-end=\"2105\">Accompagnement personnalis\u00e9<\/li><\/ul>\t\t\t\t\t\t\t\t<\/div>\n\t\t\t\t<\/div>\n\t\t\t\t\t<\/div>\n\t\t<\/div>\n\t\t\t\t\t<\/div>\n\t\t<\/section>\n\t\t\t\t<section class=\"elementor-section elementor-top-section elementor-element elementor-element-ccfb038 elementor-section-boxed elementor-section-height-default elementor-section-height-default\" data-id=\"ccfb038\" data-element_type=\"section\">\n\t\t\t\t\t\t<div class=\"elementor-container elementor-column-gap-default\">\n\t\t\t\t\t<div class=\"elementor-column elementor-col-50 elementor-top-column elementor-element elementor-element-cacb6dc\" data-id=\"cacb6dc\" data-element_type=\"column\">\n\t\t\t<div class=\"elementor-widget-wrap elementor-element-populated\">\n\t\t\t\t\t\t<div class=\"elementor-element elementor-element-7403a66 elementor-widget elementor-widget-heading\" data-id=\"7403a66\" data-element_type=\"widget\" data-widget_type=\"heading.default\">\n\t\t\t\t<div class=\"elementor-widget-container\">\n\t\t\t\t\t<h2 class=\"elementor-heading-title elementor-size-default\">Prix Permis BE Remorque Avec Code<br>980\u20ac<\/h2>\t\t\t\t<\/div>\n\t\t\t\t<\/div>\n\t\t\t\t\t<\/div>\n\t\t<\/div>\n\t\t\t\t<div class=\"elementor-column elementor-col-50 elementor-top-column elementor-element elementor-element-dc09fbb\" data-id=\"dc09fbb\" data-element_type=\"column\">\n\t\t\t<div class=\"elementor-widget-wrap elementor-element-populated\">\n\t\t\t\t\t\t<div class=\"elementor-element elementor-element-9b01988 elementor-widget elementor-widget-heading\" data-id=\"9b01988\" data-element_type=\"widget\" data-widget_type=\"heading.default\">\n\t\t\t\t<div class=\"elementor-widget-container\">\n\t\t\t\t\t<h2 class=\"elementor-heading-title elementor-size-default\"><span style=\"color: rgb(0, 0, 0); font-size: 2.13333rem;\">Prix Permis BE Remorque Sans Code 920\u20ac<\/span><\/h2>\t\t\t\t<\/div>\n\t\t\t\t<\/div>\n\t\t\t\t\t<\/div>\n\t\t<\/div>\n\t\t\t\t\t<\/div>\n\t\t<\/section>\n\t\t\t\t<section class=\"elementor-section elementor-top-section elementor-element elementor-element-5241c66 elementor-section-boxed elementor-section-height-default elementor-section-height-default\" data-id=\"5241c66\" data-element_type=\"section\">\n\t\t\t\t\t\t<div class=\"elementor-container elementor-column-gap-default\">\n\t\t\t\t\t<div class=\"elementor-column elementor-col-50 elementor-top-column elementor-element elementor-element-ee49c44\" data-id=\"ee49c44\" data-element_type=\"column\">\n\t\t\t<div class=\"elementor-widget-wrap elementor-element-populated\">\n\t\t\t\t\t\t\t<\/div>\n\t\t<\/div>\n\t\t\t\t<div class=\"elementor-column elementor-col-50 elementor-top-column elementor-element elementor-element-a9d1d18\" data-id=\"a9d1d18\" data-element_type=\"column\">\n\t\t\t<div class=\"elementor-widget-wrap\">\n\t\t\t\t\t\t\t<\/div>\n\t\t<\/div>\n\t\t\t\t\t<\/div>\n\t\t<\/section>\n\t\t\t\t<\/div>\n\t\t","protected":false},"excerpt":{"rendered":"<p>Permis BE \u00e0 Valence (26) : formation remorque en Dr\u00f4me Vous recherchez une formation pour le permis BE \u00e0 Valence, Ch\u00e2teauneuf-sur-Is\u00e8re ou dans la Dr\u00f4me (26) ? Notre auto-\u00e9cole vous propose une formation compl\u00e8te pour conduire avec une remorque lourde en toute s\u00e9curit\u00e9 et conformit\u00e9 avec la r\u00e9glementation. Permis BE remorque : d\u00e9finition Le permis [&hellip;]<\/p>\n","protected":false},"author":1,"featured_media":0,"parent":0,"menu_order":0,"comment_status":"closed","ping_status":"closed","template":"","meta":{"site-sidebar-layout":"no-sidebar","site-content-layout":"page-builder","ast-site-content-layout":"full-width-container","site-content-style":"default","site-sidebar-style":"default","ast-global-header-display":"","ast-banner-title-visibility":"","ast-main-header-display":"","ast-hfb-above-header-display":"","ast-hfb-below-header-display":"","ast-hfb-mobile-header-display":"","site-post-title":"disabled","ast-breadcrumbs-content":"","ast-featured-img":"disabled","footer-sml-layout":"","theme-transparent-header-meta":"","adv-header-id-meta":"","stick-header-meta":"","header-above-stick-meta":"","header-main-stick-meta":"","header-below-stick-meta":"","astra-migrate-meta-layouts":"set","ast-page-background-enabled":"default","ast-page-background-meta":{"desktop":{"background-color":"","background-image":"","background-repeat":"repeat","background-position":"center center","background-size":"auto","background-attachment":"scroll","background-type":"","background-media":"","overlay-type":"","overlay-color":"","overlay-opacity":"","overlay-gradient":""},"tablet":{"background-color":"","background-image":"","background-repeat":"repeat","background-position":"center center","background-size":"auto","background-attachment":"scroll","background-type":"","background-media":"","overlay-type":"","overlay-color":"","overlay-opacity":"","overlay-gradient":""},"mobile":{"background-color":"","background-image":"","background-repeat":"repeat","background-position":"center center","background-size":"auto","background-attachment":"scroll","background-type":"","background-media":"","overlay-type":"","overlay-color":"","overlay-opacity":"","overlay-gradient":""}},"ast-content-background-meta":{"desktop":{"background-color":"var(--ast-global-color-5)","background-image":"","background-repeat":"repeat","background-position":"center center","background-size":"auto","background-attachment":"scroll","background-type":"","background-media":"","overlay-type":"","overlay-color":"","overlay-opacity":"","overlay-gradient":""},"tablet":{"background-color":"var(--ast-global-color-5)","background-image":"","background-repeat":"repeat","background-position":"center center","background-size":"auto","background-attachment":"scroll","background-type":"","background-media":"","overlay-type":"","overlay-color":"","overlay-opacity":"","overlay-gradient":""},"mobile":{"background-color":"var(--ast-global-color-5)","background-image":"","background-repeat":"repeat","background-position":"center center","background-size":"auto","background-attachment":"scroll","background-type":"","background-media":"","overlay-type":"","overlay-color":"","overlay-opacity":"","overlay-gradient":""}},"footnotes":""},"class_list":["post-2267","page","type-page","status-publish","hentry"],"yoast_head":"<!-- This site is optimized with the Yoast SEO plugin v24.8 - https:\/\/yoast.com\/wordpress\/plugins\/seo\/ -->\n<title>Permis BE Valence (26) | Formation remorque | Chateau9Conduite<\/title>\n<meta name=\"description\" content=\"Passez votre permis BE \u00e0 Valence, Ch\u00e2teauneuf-sur-Is\u00e8re et dans la Dr\u00f4me. Formation rapide remorque, accompagnement personnalis\u00e9.\" \/>\n<meta name=\"robots\" content=\"index, follow, max-snippet:-1, max-image-preview:large, max-video-preview:-1\" \/>\n<link rel=\"canonical\" href=\"https:\/\/stmarcelconduite.com\/index.php\/permis-be-remorque\/\" \/>\n<meta property=\"og:locale\" content=\"fr_FR\" \/>\n<meta property=\"og:type\" content=\"article\" \/>\n<meta property=\"og:title\" content=\"Permis BE Valence (26) | Formation remorque | Chateau9Conduite\" \/>\n<meta property=\"og:description\" content=\"Passez votre permis BE \u00e0 Valence, Ch\u00e2teauneuf-sur-Is\u00e8re et dans la Dr\u00f4me. Formation rapide remorque, accompagnement personnalis\u00e9.\" \/>\n<meta property=\"og:url\" content=\"https:\/\/stmarcelconduite.com\/index.php\/permis-be-remorque\/\" \/>\n<meta property=\"article:publisher\" content=\"https:\/\/www.facebook.com\/chateau9conduite\" \/>\n<meta property=\"article:modified_time\" content=\"2026-04-17T09:47:56+00:00\" \/>\n<meta property=\"og:image\" content=\"https:\/\/stmarcelconduite.com\/wp-content\/uploads\/2021\/08\/st-marcel-conduite-3.png\" \/>\n\t<meta property=\"og:image:width\" content=\"496\" \/>\n\t<meta property=\"og:image:height\" content=\"234\" \/>\n\t<meta property=\"og:image:type\" content=\"image\/png\" \/>\n<meta name=\"twitter:card\" content=\"summary_large_image\" \/>\n<meta name=\"twitter:label1\" content=\"Dur\u00e9e de lecture estim\u00e9e\" \/>\n\t<meta name=\"twitter:data1\" content=\"2 minutes\" \/>\n<script type=\"application\/ld+json\" class=\"yoast-schema-graph\">{\"@context\":\"https:\/\/schema.org\",\"@graph\":[{\"@type\":\"WebPage\",\"@id\":\"https:\/\/stmarcelconduite.com\/index.php\/permis-be-remorque\/\",\"url\":\"https:\/\/stmarcelconduite.com\/index.php\/permis-be-remorque\/\",\"name\":\"Permis BE Valence (26) | Formation remorque | Chateau9Conduite\",\"isPartOf\":{\"@id\":\"https:\/\/stmarcelconduite.com\/#website\"},\"datePublished\":\"2026-04-16T15:42:49+00:00\",\"dateModified\":\"2026-04-17T09:47:56+00:00\",\"description\":\"Passez votre permis BE \u00e0 Valence, Ch\u00e2teauneuf-sur-Is\u00e8re et dans la Dr\u00f4me. Formation rapide remorque, accompagnement personnalis\u00e9.\",\"breadcrumb\":{\"@id\":\"https:\/\/stmarcelconduite.com\/index.php\/permis-be-remorque\/#breadcrumb\"},\"inLanguage\":\"fr-FR\",\"potentialAction\":[{\"@type\":\"ReadAction\",\"target\":[\"https:\/\/stmarcelconduite.com\/index.php\/permis-be-remorque\/\"]}]},{\"@type\":\"BreadcrumbList\",\"@id\":\"https:\/\/stmarcelconduite.com\/index.php\/permis-be-remorque\/#breadcrumb\",\"itemListElement\":[{\"@type\":\"ListItem\",\"position\":1,\"name\":\"Accueil\",\"item\":\"https:\/\/stmarcelconduite.com\/\"},{\"@type\":\"ListItem\",\"position\":2,\"name\":\"Permis BE &#8211; Remorque\"}]},{\"@type\":\"WebSite\",\"@id\":\"https:\/\/stmarcelconduite.com\/#website\",\"url\":\"https:\/\/stmarcelconduite.com\/\",\"name\":\"Stmarcelconduite.com\",\"description\":\"\",\"publisher\":{\"@id\":\"https:\/\/stmarcelconduite.com\/#organization\"},\"potentialAction\":[{\"@type\":\"SearchAction\",\"target\":{\"@type\":\"EntryPoint\",\"urlTemplate\":\"https:\/\/stmarcelconduite.com\/?s={search_term_string}\"},\"query-input\":{\"@type\":\"PropertyValueSpecification\",\"valueRequired\":true,\"valueName\":\"search_term_string\"}}],\"inLanguage\":\"fr-FR\"},{\"@type\":\"Organization\",\"@id\":\"https:\/\/stmarcelconduite.com\/#organization\",\"name\":\"St Marcel Conduite\",\"url\":\"https:\/\/stmarcelconduite.com\/\",\"logo\":{\"@type\":\"ImageObject\",\"inLanguage\":\"fr-FR\",\"@id\":\"https:\/\/stmarcelconduite.com\/#\/schema\/logo\/image\/\",\"url\":\"https:\/\/stmarcelconduite.com\/wp-content\/uploads\/2021\/07\/cropped-st-marcel-conduite.png\",\"contentUrl\":\"https:\/\/stmarcelconduite.com\/wp-content\/uploads\/2021\/07\/cropped-st-marcel-conduite.png\",\"width\":500,\"height\":197,\"caption\":\"St Marcel Conduite\"},\"image\":{\"@id\":\"https:\/\/stmarcelconduite.com\/#\/schema\/logo\/image\/\"},\"sameAs\":[\"https:\/\/www.facebook.com\/chateau9conduite\",\"https:\/\/www.instagram.com\/chateau9stmarcel_conduite\/\"]}]}<\/script>\n<!-- \/ Yoast SEO plugin. -->","yoast_head_json":{"title":"Permis BE Valence (26) | Formation remorque | Chateau9Conduite","description":"Passez votre permis BE \u00e0 Valence, Ch\u00e2teauneuf-sur-Is\u00e8re et dans la Dr\u00f4me. Formation rapide remorque, accompagnement personnalis\u00e9.","robots":{"index":"index","follow":"follow","max-snippet":"max-snippet:-1","max-image-preview":"max-image-preview:large","max-video-preview":"max-video-preview:-1"},"canonical":"https:\/\/stmarcelconduite.com\/index.php\/permis-be-remorque\/","og_locale":"fr_FR","og_type":"article","og_title":"Permis BE Valence (26) | Formation remorque | Chateau9Conduite","og_description":"Passez votre permis BE \u00e0 Valence, Ch\u00e2teauneuf-sur-Is\u00e8re et dans la Dr\u00f4me. Formation rapide remorque, accompagnement personnalis\u00e9.","og_url":"https:\/\/stmarcelconduite.com\/index.php\/permis-be-remorque\/","article_publisher":"https:\/\/www.facebook.com\/chateau9conduite","article_modified_time":"2026-04-17T09:47:56+00:00","og_image":[{"width":496,"height":234,"url":"https:\/\/stmarcelconduite.com\/wp-content\/uploads\/2021\/08\/st-marcel-conduite-3.png","type":"image\/png"}],"twitter_card":"summary_large_image","twitter_misc":{"Dur\u00e9e de lecture estim\u00e9e":"2 minutes"},"schema":{"@context":"https:\/\/schema.org","@graph":[{"@type":"WebPage","@id":"https:\/\/stmarcelconduite.com\/index.php\/permis-be-remorque\/","url":"https:\/\/stmarcelconduite.com\/index.php\/permis-be-remorque\/","name":"Permis BE Valence (26) | Formation remorque | Chateau9Conduite","isPartOf":{"@id":"https:\/\/stmarcelconduite.com\/#website"},"datePublished":"2026-04-16T15:42:49+00:00","dateModified":"2026-04-17T09:47:56+00:00","description":"Passez votre permis BE \u00e0 Valence, Ch\u00e2teauneuf-sur-Is\u00e8re et dans la Dr\u00f4me. Formation rapide remorque, accompagnement personnalis\u00e9.","breadcrumb":{"@id":"https:\/\/stmarcelconduite.com\/index.php\/permis-be-remorque\/#breadcrumb"},"inLanguage":"fr-FR","potentialAction":[{"@type":"ReadAction","target":["https:\/\/stmarcelconduite.com\/index.php\/permis-be-remorque\/"]}]},{"@type":"BreadcrumbList","@id":"https:\/\/stmarcelconduite.com\/index.php\/permis-be-remorque\/#breadcrumb","itemListElement":[{"@type":"ListItem","position":1,"name":"Accueil","item":"https:\/\/stmarcelconduite.com\/"},{"@type":"ListItem","position":2,"name":"Permis BE &#8211; Remorque"}]},{"@type":"WebSite","@id":"https:\/\/stmarcelconduite.com\/#website","url":"https:\/\/stmarcelconduite.com\/","name":"Stmarcelconduite.com","description":"","publisher":{"@id":"https:\/\/stmarcelconduite.com\/#organization"},"potentialAction":[{"@type":"SearchAction","target":{"@type":"EntryPoint","urlTemplate":"https:\/\/stmarcelconduite.com\/?s={search_term_string}"},"query-input":{"@type":"PropertyValueSpecification","valueRequired":true,"valueName":"search_term_string"}}],"inLanguage":"fr-FR"},{"@type":"Organization","@id":"https:\/\/stmarcelconduite.com\/#organization","name":"St Marcel Conduite","url":"https:\/\/stmarcelconduite.com\/","logo":{"@type":"ImageObject","inLanguage":"fr-FR","@id":"https:\/\/stmarcelconduite.com\/#\/schema\/logo\/image\/","url":"https:\/\/stmarcelconduite.com\/wp-content\/uploads\/2021\/07\/cropped-st-marcel-conduite.png","contentUrl":"https:\/\/stmarcelconduite.com\/wp-content\/uploads\/2021\/07\/cropped-st-marcel-conduite.png","width":500,"height":197,"caption":"St Marcel Conduite"},"image":{"@id":"https:\/\/stmarcelconduite.com\/#\/schema\/logo\/image\/"},"sameAs":["https:\/\/www.facebook.com\/chateau9conduite","https:\/\/www.instagram.com\/chateau9stmarcel_conduite\/"]}]}},"_links":{"self":[{"href":"https:\/\/stmarcelconduite.com\/index.php\/wp-json\/wp\/v2\/pages\/2267","targetHints":{"allow":["GET"]}}],"collection":[{"href":"https:\/\/stmarcelconduite.com\/index.php\/wp-json\/wp\/v2\/pages"}],"about":[{"href":"https:\/\/stmarcelconduite.com\/index.php\/wp-json\/wp\/v2\/types\/page"}],"author":[{"embeddable":true,"href":"https:\/\/stmarcelconduite.com\/index.php\/wp-json\/wp\/v2\/users\/1"}],"replies":[{"embeddable":true,"href":"https:\/\/stmarcelconduite.com\/index.php\/wp-json\/wp\/v2\/comments?post=2267"}],"version-history":[{"count":13,"href":"https:\/\/stmarcelconduite.com\/index.php\/wp-json\/wp\/v2\/pages\/2267\/revisions"}],"predecessor-version":[{"id":2306,"href":"https:\/\/stmarcelconduite.com\/index.php\/wp-json\/wp\/v2\/pages\/2267\/revisions\/2306"}],"wp:attachment":[{"href":"https:\/\/stmarcelconduite.com\/index.php\/wp-json\/wp\/v2\/media?parent=2267"}],"curies":[{"name":"wp","href":"https:\/\/api.w.org\/{rel}","templated":true}]}}