{"id":2318,"date":"2026-04-18T11:59:33","date_gmt":"2026-04-18T09:59:33","guid":{"rendered":"https:\/\/stmarcelconduite.com\/?page_id=2318"},"modified":"2026-04-18T12:10:29","modified_gmt":"2026-04-18T10:10:29","slug":"prestation-permis-remorque","status":"publish","type":"page","link":"https:\/\/stmarcelconduite.com\/index.php\/prestation-permis-remorque\/","title":{"rendered":"Prestation Permis Remorque"},"content":{"rendered":"\t\t<div data-elementor-type=\"wp-page\" data-elementor-id=\"2318\" class=\"elementor elementor-2318\">\n\t\t\t\t\t\t<section class=\"elementor-section elementor-top-section elementor-element elementor-element-9d2cf4f elementor-section-boxed elementor-section-height-default elementor-section-height-default\" data-id=\"9d2cf4f\" data-element_type=\"section\">\n\t\t\t\t\t\t<div class=\"elementor-container elementor-column-gap-default\">\n\t\t\t\t\t<div class=\"elementor-column elementor-col-100 elementor-top-column elementor-element elementor-element-7a41e7d\" data-id=\"7a41e7d\" data-element_type=\"column\">\n\t\t\t<div class=\"elementor-widget-wrap elementor-element-populated\">\n\t\t\t\t\t\t<div class=\"elementor-element elementor-element-57cf0ce elementor-widget elementor-widget-heading\" data-id=\"57cf0ce\" data-element_type=\"widget\" data-widget_type=\"heading.default\">\n\t\t\t\t<div class=\"elementor-widget-container\">\n\t\t\t\t\t<h1 class=\"elementor-heading-title elementor-size-default\">Nos prestations Remorque<\/h1>\t\t\t\t<\/div>\n\t\t\t\t<\/div>\n\t\t\t\t\t<\/div>\n\t\t<\/div>\n\t\t\t\t\t<\/div>\n\t\t<\/section>\n\t\t\t\t<section class=\"elementor-section elementor-top-section elementor-element elementor-element-8ffb0ca elementor-section-boxed elementor-section-height-default elementor-section-height-default\" data-id=\"8ffb0ca\" data-element_type=\"section\">\n\t\t\t\t\t\t<div class=\"elementor-container elementor-column-gap-default\">\n\t\t\t\t\t<div class=\"elementor-column elementor-col-100 elementor-top-column elementor-element elementor-element-56c649f\" data-id=\"56c649f\" data-element_type=\"column\">\n\t\t\t<div class=\"elementor-widget-wrap elementor-element-populated\">\n\t\t\t\t\t\t<div class=\"elementor-element elementor-element-a9f5a98 elementor-widget elementor-widget-text-editor\" data-id=\"a9f5a98\" data-element_type=\"widget\" data-widget_type=\"text-editor.default\">\n\t\t\t\t<div class=\"elementor-widget-container\">\n\t\t\t\t\t\t\t\t\t<h3 data-section-id=\"i9s7ip\" data-start=\"167\" data-end=\"254\">Permis remorque et formation B96 \u00e0 Valence, Ch\u00e2teauneuf-sur-Is\u00e8re et Alixan (Dr\u00f4me)<\/h3><p data-start=\"256\" data-end=\"555\">Vous recherchez une formation au permis remorque ou \u00e0 la formation B96 \u00e0 Valence, Ch\u00e2teauneuf-sur-Is\u00e8re ou Alixan dans la Dr\u00f4me ? Nos prestations sont con\u00e7ues pour vous accompagner efficacement dans l\u2019apprentissage de la conduite avec remorque, que ce soit pour un besoin personnel ou professionnel.<\/p><p data-start=\"557\" data-end=\"957\">La formation B96 est id\u00e9ale si le poids total de votre ensemble (v\u00e9hicule + remorque) d\u00e9passe 3 500 kg sans exc\u00e9der 4 250 kg. Accessible sans examen final, elle comprend une formation th\u00e9orique et pratique de 7 heures ax\u00e9e sur la s\u00e9curit\u00e9, l\u2019attelage, les v\u00e9rifications et les man\u0153uvres. C\u2019est une solution rapide et efficace pour tracter une caravane ou une remorque en toute l\u00e9galit\u00e9 dans la Dr\u00f4me.<\/p><p data-start=\"959\" data-end=\"1295\">Pour les besoins plus importants, le permis remorque BE est obligatoire. Cette formation compl\u00e8te inclut une pr\u00e9paration aux \u00e9preuves pratiques avec circulation et hors circulation. Vous apprendrez \u00e0 ma\u00eetriser les man\u0153uvres techniques, la conduite en conditions r\u00e9elles et les r\u00e8gles sp\u00e9cifiques li\u00e9es aux ensembles de v\u00e9hicules lourds.<\/p><p data-start=\"1297\" data-end=\"1604\">Situ\u00e9 \u00e0 proximit\u00e9 de Valence, Ch\u00e2teauneuf-sur-Is\u00e8re et Alixan, notre centre de formation vous propose un accompagnement personnalis\u00e9 avec des formateurs exp\u00e9riment\u00e9s et des v\u00e9hicules conformes aux exigences de l\u2019examen. Nous adaptons nos prestations \u00e0 votre niveau afin de maximiser vos chances de r\u00e9ussite.<\/p><p>\u00a0<\/p><p data-start=\"1606\" data-end=\"1806\">Choisir notre formation permis remorque et B96 dans la Dr\u00f4me, c\u2019est b\u00e9n\u00e9ficier d\u2019un enseignement de qualit\u00e9, d\u2019une proximit\u00e9 g\u00e9ographique et d\u2019une pr\u00e9paration compl\u00e8te pour conduire en toute s\u00e9curit\u00e9<\/p>\t\t\t\t\t\t\t\t<\/div>\n\t\t\t\t<\/div>\n\t\t\t\t\t<\/div>\n\t\t<\/div>\n\t\t\t\t\t<\/div>\n\t\t<\/section>\n\t\t\t\t<section class=\"elementor-section elementor-top-section elementor-element elementor-element-638d7a8 elementor-section-boxed elementor-section-height-default elementor-section-height-default\" data-id=\"638d7a8\" data-element_type=\"section\">\n\t\t\t\t\t\t<div class=\"elementor-container elementor-column-gap-default\">\n\t\t\t\t\t<div class=\"elementor-column elementor-col-50 elementor-top-column elementor-element elementor-element-7ab3efa\" data-id=\"7ab3efa\" data-element_type=\"column\">\n\t\t\t<div class=\"elementor-widget-wrap elementor-element-populated\">\n\t\t\t\t\t\t<div class=\"elementor-element elementor-element-03bb668 elementor-widget elementor-widget-heading\" data-id=\"03bb668\" data-element_type=\"widget\" data-widget_type=\"heading.default\">\n\t\t\t\t<div class=\"elementor-widget-container\">\n\t\t\t\t\t<h2 class=\"elementor-heading-title elementor-size-default\">Permis Remorque BE<\/h2>\t\t\t\t<\/div>\n\t\t\t\t<\/div>\n\t\t\t\t<div class=\"elementor-element elementor-element-cd41ad9 elementor-view-default elementor-widget elementor-widget-icon\" data-id=\"cd41ad9\" data-element_type=\"widget\" data-widget_type=\"icon.default\">\n\t\t\t\t<div class=\"elementor-widget-container\">\n\t\t\t\t\t\t\t<div class=\"elementor-icon-wrapper\">\n\t\t\t<div class=\"elementor-icon\">\n\t\t\t<i aria-hidden=\"true\" class=\"fas fa-truck-loading\"><\/i>\t\t\t<\/div>\n\t\t<\/div>\n\t\t\t\t\t\t<\/div>\n\t\t\t\t<\/div>\n\t\t\t\t<div class=\"elementor-element elementor-element-db2c642 elementor-widget elementor-widget-text-editor\" data-id=\"db2c642\" data-element_type=\"widget\" data-widget_type=\"text-editor.default\">\n\t\t\t\t<div class=\"elementor-widget-container\">\n\t\t\t\t\t\t\t\t\t<h4><strong>Forfait : A partir de 920\u20ac<\/strong><\/h4><p>Comprenant :\u00a0<\/p><ul><li>Frais de dossier<\/li><li>20 le\u00e7ons de conduite<\/li><li>Frais d&#8217;accompagnement aux examens pratique<\/li><li>\u00a0Avec Code ou sans Code<\/li><\/ul>\t\t\t\t\t\t\t\t<\/div>\n\t\t\t\t<\/div>\n\t\t\t\t<div class=\"elementor-element elementor-element-5f20022 elementor-align-center elementor-widget elementor-widget-button\" data-id=\"5f20022\" data-element_type=\"widget\" data-widget_type=\"button.default\">\n\t\t\t\t<div class=\"elementor-widget-container\">\n\t\t\t\t\t\t\t\t\t<div class=\"elementor-button-wrapper\">\n\t\t\t\t\t<a class=\"elementor-button elementor-button-link elementor-size-sm\" href=\"https:\/\/stmarcelconduite.com\/index.php\/permis-be-remorque\/\">\n\t\t\t\t\t\t<span class=\"elementor-button-content-wrapper\">\n\t\t\t\t\t\t\t\t\t<span class=\"elementor-button-text\">En savoir plus<\/span>\n\t\t\t\t\t<\/span>\n\t\t\t\t\t<\/a>\n\t\t\t\t<\/div>\n\t\t\t\t\t\t\t\t<\/div>\n\t\t\t\t<\/div>\n\t\t\t\t<div class=\"elementor-element elementor-element-1d4796c elementor-widget elementor-widget-spacer\" data-id=\"1d4796c\" data-element_type=\"widget\" data-widget_type=\"spacer.default\">\n\t\t\t\t<div class=\"elementor-widget-container\">\n\t\t\t\t\t\t\t<div class=\"elementor-spacer\">\n\t\t\t<div class=\"elementor-spacer-inner\"><\/div>\n\t\t<\/div>\n\t\t\t\t\t\t<\/div>\n\t\t\t\t<\/div>\n\t\t\t\t\t<\/div>\n\t\t<\/div>\n\t\t\t\t<div class=\"elementor-column elementor-col-50 elementor-top-column elementor-element elementor-element-98acdc2\" data-id=\"98acdc2\" data-element_type=\"column\">\n\t\t\t<div class=\"elementor-widget-wrap elementor-element-populated\">\n\t\t\t\t\t\t<div class=\"elementor-element elementor-element-aeeba00 elementor-widget elementor-widget-heading\" data-id=\"aeeba00\" data-element_type=\"widget\" data-widget_type=\"heading.default\">\n\t\t\t\t<div class=\"elementor-widget-container\">\n\t\t\t\t\t<h2 class=\"elementor-heading-title elementor-size-default\">Passarelle Formation B96<\/h2>\t\t\t\t<\/div>\n\t\t\t\t<\/div>\n\t\t\t\t<div class=\"elementor-element elementor-element-c9d2d5e elementor-view-default elementor-widget elementor-widget-icon\" data-id=\"c9d2d5e\" data-element_type=\"widget\" data-widget_type=\"icon.default\">\n\t\t\t\t<div class=\"elementor-widget-container\">\n\t\t\t\t\t\t\t<div class=\"elementor-icon-wrapper\">\n\t\t\t<div class=\"elementor-icon\">\n\t\t\t<i aria-hidden=\"true\" class=\"fas fa-truck-loading\"><\/i>\t\t\t<\/div>\n\t\t<\/div>\n\t\t\t\t\t\t<\/div>\n\t\t\t\t<\/div>\n\t\t\t\t<div class=\"elementor-element elementor-element-341914a elementor-widget__width-initial elementor-widget elementor-widget-text-editor\" data-id=\"341914a\" data-element_type=\"widget\" data-widget_type=\"text-editor.default\">\n\t\t\t\t<div class=\"elementor-widget-container\">\n\t\t\t\t\t\t\t\t\t<h4 style=\"text-align: center;\"><strong>Formation 7h B96 320\u20ac<\/strong><\/h4>\n<p>Comprenant :&nbsp;<\/p>\n<ul>\n<li>Frais de dossier<\/li>\n<li>7 le\u00e7ons de conduite<\/li>\n<li>Attestation de fin de formation<\/li>\n<li>&nbsp;Fabrication de titre defintif<\/li>\n<\/ul>\t\t\t\t\t\t\t\t<\/div>\n\t\t\t\t<\/div>\n\t\t\t\t<div class=\"elementor-element elementor-element-6545d9f elementor-align-center elementor-widget elementor-widget-button\" data-id=\"6545d9f\" data-element_type=\"widget\" data-widget_type=\"button.default\">\n\t\t\t\t<div class=\"elementor-widget-container\">\n\t\t\t\t\t\t\t\t\t<div class=\"elementor-button-wrapper\">\n\t\t\t\t\t<a class=\"elementor-button elementor-size-sm\" role=\"button\">\n\t\t\t\t\t\t<span class=\"elementor-button-content-wrapper\">\n\t\t\t\t\t\t\t\t\t<span class=\"elementor-button-text\">En savoir plus<\/span>\n\t\t\t\t\t<\/span>\n\t\t\t\t\t<\/a>\n\t\t\t\t<\/div>\n\t\t\t\t\t\t\t\t<\/div>\n\t\t\t\t<\/div>\n\t\t\t\t<div class=\"elementor-element elementor-element-e027a04 elementor-widget elementor-widget-spacer\" data-id=\"e027a04\" data-element_type=\"widget\" data-widget_type=\"spacer.default\">\n\t\t\t\t<div class=\"elementor-widget-container\">\n\t\t\t\t\t\t\t<div class=\"elementor-spacer\">\n\t\t\t<div class=\"elementor-spacer-inner\"><\/div>\n\t\t<\/div>\n\t\t\t\t\t\t<\/div>\n\t\t\t\t<\/div>\n\t\t\t\t\t<\/div>\n\t\t<\/div>\n\t\t\t\t\t<\/div>\n\t\t<\/section>\n\t\t\t\t<\/div>\n\t\t","protected":false},"excerpt":{"rendered":"<p>Nos prestations Remorque Permis remorque et formation B96 \u00e0 Valence, Ch\u00e2teauneuf-sur-Is\u00e8re et Alixan (Dr\u00f4me) Vous recherchez une formation au permis remorque ou \u00e0 la formation B96 \u00e0 Valence, Ch\u00e2teauneuf-sur-Is\u00e8re ou Alixan dans la Dr\u00f4me ? Nos prestations sont con\u00e7ues pour vous accompagner efficacement dans l\u2019apprentissage de la conduite avec remorque, que ce soit pour un [&hellip;]<\/p>\n","protected":false},"author":1,"featured_media":0,"parent":0,"menu_order":0,"comment_status":"closed","ping_status":"closed","template":"","meta":{"site-sidebar-layout":"no-sidebar","site-content-layout":"page-builder","ast-site-content-layout":"full-width-container","site-content-style":"default","site-sidebar-style":"default","ast-global-header-display":"","ast-banner-title-visibility":"","ast-main-header-display":"","ast-hfb-above-header-display":"","ast-hfb-below-header-display":"","ast-hfb-mobile-header-display":"","site-post-title":"disabled","ast-breadcrumbs-content":"","ast-featured-img":"disabled","footer-sml-layout":"","theme-transparent-header-meta":"","adv-header-id-meta":"","stick-header-meta":"","header-above-stick-meta":"","header-main-stick-meta":"","header-below-stick-meta":"","astra-migrate-meta-layouts":"set","ast-page-background-enabled":"default","ast-page-background-meta":{"desktop":{"background-color":"","background-image":"","background-repeat":"repeat","background-position":"center center","background-size":"auto","background-attachment":"scroll","background-type":"","background-media":"","overlay-type":"","overlay-color":"","overlay-opacity":"","overlay-gradient":""},"tablet":{"background-color":"","background-image":"","background-repeat":"repeat","background-position":"center center","background-size":"auto","background-attachment":"scroll","background-type":"","background-media":"","overlay-type":"","overlay-color":"","overlay-opacity":"","overlay-gradient":""},"mobile":{"background-color":"","background-image":"","background-repeat":"repeat","background-position":"center center","background-size":"auto","background-attachment":"scroll","background-type":"","background-media":"","overlay-type":"","overlay-color":"","overlay-opacity":"","overlay-gradient":""}},"ast-content-background-meta":{"desktop":{"background-color":"var(--ast-global-color-5)","background-image":"","background-repeat":"repeat","background-position":"center center","background-size":"auto","background-attachment":"scroll","background-type":"","background-media":"","overlay-type":"","overlay-color":"","overlay-opacity":"","overlay-gradient":""},"tablet":{"background-color":"var(--ast-global-color-5)","background-image":"","background-repeat":"repeat","background-position":"center center","background-size":"auto","background-attachment":"scroll","background-type":"","background-media":"","overlay-type":"","overlay-color":"","overlay-opacity":"","overlay-gradient":""},"mobile":{"background-color":"var(--ast-global-color-5)","background-image":"","background-repeat":"repeat","background-position":"center center","background-size":"auto","background-attachment":"scroll","background-type":"","background-media":"","overlay-type":"","overlay-color":"","overlay-opacity":"","overlay-gradient":""}},"footnotes":""},"class_list":["post-2318","page","type-page","status-publish","hentry"],"yoast_head":"<!-- This site is optimized with the Yoast SEO plugin v24.8 - https:\/\/yoast.com\/wordpress\/plugins\/seo\/ -->\n<title>Prestation Permis Remorque -<\/title>\n<meta name=\"robots\" content=\"index, follow, max-snippet:-1, max-image-preview:large, max-video-preview:-1\" \/>\n<link rel=\"canonical\" href=\"https:\/\/stmarcelconduite.com\/index.php\/prestation-permis-remorque\/\" \/>\n<meta property=\"og:locale\" content=\"fr_FR\" \/>\n<meta property=\"og:type\" content=\"article\" \/>\n<meta property=\"og:title\" content=\"Prestation Permis Remorque -\" \/>\n<meta property=\"og:description\" content=\"Nos prestations Remorque Permis remorque et formation B96 \u00e0 Valence, Ch\u00e2teauneuf-sur-Is\u00e8re et Alixan (Dr\u00f4me) Vous recherchez une formation au permis remorque ou \u00e0 la formation B96 \u00e0 Valence, Ch\u00e2teauneuf-sur-Is\u00e8re ou Alixan dans la Dr\u00f4me ? Nos prestations sont con\u00e7ues pour vous accompagner efficacement dans l\u2019apprentissage de la conduite avec remorque, que ce soit pour un [&hellip;]\" \/>\n<meta property=\"og:url\" content=\"https:\/\/stmarcelconduite.com\/index.php\/prestation-permis-remorque\/\" \/>\n<meta property=\"article:publisher\" content=\"https:\/\/www.facebook.com\/chateau9conduite\" \/>\n<meta property=\"article:modified_time\" content=\"2026-04-18T10:10:29+00:00\" \/>\n<meta property=\"og:image\" content=\"https:\/\/stmarcelconduite.com\/wp-content\/uploads\/2021\/08\/st-marcel-conduite-3.png\" \/>\n\t<meta property=\"og:image:width\" content=\"496\" \/>\n\t<meta property=\"og:image:height\" content=\"234\" \/>\n\t<meta property=\"og:image:type\" content=\"image\/png\" \/>\n<meta name=\"twitter:card\" content=\"summary_large_image\" \/>\n<meta name=\"twitter:label1\" content=\"Dur\u00e9e de lecture estim\u00e9e\" \/>\n\t<meta name=\"twitter:data1\" content=\"2 minutes\" \/>\n<script type=\"application\/ld+json\" class=\"yoast-schema-graph\">{\"@context\":\"https:\/\/schema.org\",\"@graph\":[{\"@type\":\"WebPage\",\"@id\":\"https:\/\/stmarcelconduite.com\/index.php\/prestation-permis-remorque\/\",\"url\":\"https:\/\/stmarcelconduite.com\/index.php\/prestation-permis-remorque\/\",\"name\":\"Prestation Permis Remorque -\",\"isPartOf\":{\"@id\":\"https:\/\/stmarcelconduite.com\/#website\"},\"datePublished\":\"2026-04-18T09:59:33+00:00\",\"dateModified\":\"2026-04-18T10:10:29+00:00\",\"breadcrumb\":{\"@id\":\"https:\/\/stmarcelconduite.com\/index.php\/prestation-permis-remorque\/#breadcrumb\"},\"inLanguage\":\"fr-FR\",\"potentialAction\":[{\"@type\":\"ReadAction\",\"target\":[\"https:\/\/stmarcelconduite.com\/index.php\/prestation-permis-remorque\/\"]}]},{\"@type\":\"BreadcrumbList\",\"@id\":\"https:\/\/stmarcelconduite.com\/index.php\/prestation-permis-remorque\/#breadcrumb\",\"itemListElement\":[{\"@type\":\"ListItem\",\"position\":1,\"name\":\"Accueil\",\"item\":\"https:\/\/stmarcelconduite.com\/\"},{\"@type\":\"ListItem\",\"position\":2,\"name\":\"Prestation Permis Remorque\"}]},{\"@type\":\"WebSite\",\"@id\":\"https:\/\/stmarcelconduite.com\/#website\",\"url\":\"https:\/\/stmarcelconduite.com\/\",\"name\":\"Stmarcelconduite.com\",\"description\":\"\",\"publisher\":{\"@id\":\"https:\/\/stmarcelconduite.com\/#organization\"},\"potentialAction\":[{\"@type\":\"SearchAction\",\"target\":{\"@type\":\"EntryPoint\",\"urlTemplate\":\"https:\/\/stmarcelconduite.com\/?s={search_term_string}\"},\"query-input\":{\"@type\":\"PropertyValueSpecification\",\"valueRequired\":true,\"valueName\":\"search_term_string\"}}],\"inLanguage\":\"fr-FR\"},{\"@type\":\"Organization\",\"@id\":\"https:\/\/stmarcelconduite.com\/#organization\",\"name\":\"St Marcel Conduite\",\"url\":\"https:\/\/stmarcelconduite.com\/\",\"logo\":{\"@type\":\"ImageObject\",\"inLanguage\":\"fr-FR\",\"@id\":\"https:\/\/stmarcelconduite.com\/#\/schema\/logo\/image\/\",\"url\":\"https:\/\/stmarcelconduite.com\/wp-content\/uploads\/2021\/07\/cropped-st-marcel-conduite.png\",\"contentUrl\":\"https:\/\/stmarcelconduite.com\/wp-content\/uploads\/2021\/07\/cropped-st-marcel-conduite.png\",\"width\":500,\"height\":197,\"caption\":\"St Marcel Conduite\"},\"image\":{\"@id\":\"https:\/\/stmarcelconduite.com\/#\/schema\/logo\/image\/\"},\"sameAs\":[\"https:\/\/www.facebook.com\/chateau9conduite\",\"https:\/\/www.instagram.com\/chateau9stmarcel_conduite\/\"]}]}<\/script>\n<!-- \/ Yoast SEO plugin. -->","yoast_head_json":{"title":"Prestation Permis Remorque -","robots":{"index":"index","follow":"follow","max-snippet":"max-snippet:-1","max-image-preview":"max-image-preview:large","max-video-preview":"max-video-preview:-1"},"canonical":"https:\/\/stmarcelconduite.com\/index.php\/prestation-permis-remorque\/","og_locale":"fr_FR","og_type":"article","og_title":"Prestation Permis Remorque -","og_description":"Nos prestations Remorque Permis remorque et formation B96 \u00e0 Valence, Ch\u00e2teauneuf-sur-Is\u00e8re et Alixan (Dr\u00f4me) Vous recherchez une formation au permis remorque ou \u00e0 la formation B96 \u00e0 Valence, Ch\u00e2teauneuf-sur-Is\u00e8re ou Alixan dans la Dr\u00f4me ? Nos prestations sont con\u00e7ues pour vous accompagner efficacement dans l\u2019apprentissage de la conduite avec remorque, que ce soit pour un [&hellip;]","og_url":"https:\/\/stmarcelconduite.com\/index.php\/prestation-permis-remorque\/","article_publisher":"https:\/\/www.facebook.com\/chateau9conduite","article_modified_time":"2026-04-18T10:10:29+00:00","og_image":[{"width":496,"height":234,"url":"https:\/\/stmarcelconduite.com\/wp-content\/uploads\/2021\/08\/st-marcel-conduite-3.png","type":"image\/png"}],"twitter_card":"summary_large_image","twitter_misc":{"Dur\u00e9e de lecture estim\u00e9e":"2 minutes"},"schema":{"@context":"https:\/\/schema.org","@graph":[{"@type":"WebPage","@id":"https:\/\/stmarcelconduite.com\/index.php\/prestation-permis-remorque\/","url":"https:\/\/stmarcelconduite.com\/index.php\/prestation-permis-remorque\/","name":"Prestation Permis Remorque -","isPartOf":{"@id":"https:\/\/stmarcelconduite.com\/#website"},"datePublished":"2026-04-18T09:59:33+00:00","dateModified":"2026-04-18T10:10:29+00:00","breadcrumb":{"@id":"https:\/\/stmarcelconduite.com\/index.php\/prestation-permis-remorque\/#breadcrumb"},"inLanguage":"fr-FR","potentialAction":[{"@type":"ReadAction","target":["https:\/\/stmarcelconduite.com\/index.php\/prestation-permis-remorque\/"]}]},{"@type":"BreadcrumbList","@id":"https:\/\/stmarcelconduite.com\/index.php\/prestation-permis-remorque\/#breadcrumb","itemListElement":[{"@type":"ListItem","position":1,"name":"Accueil","item":"https:\/\/stmarcelconduite.com\/"},{"@type":"ListItem","position":2,"name":"Prestation Permis Remorque"}]},{"@type":"WebSite","@id":"https:\/\/stmarcelconduite.com\/#website","url":"https:\/\/stmarcelconduite.com\/","name":"Stmarcelconduite.com","description":"","publisher":{"@id":"https:\/\/stmarcelconduite.com\/#organization"},"potentialAction":[{"@type":"SearchAction","target":{"@type":"EntryPoint","urlTemplate":"https:\/\/stmarcelconduite.com\/?s={search_term_string}"},"query-input":{"@type":"PropertyValueSpecification","valueRequired":true,"valueName":"search_term_string"}}],"inLanguage":"fr-FR"},{"@type":"Organization","@id":"https:\/\/stmarcelconduite.com\/#organization","name":"St Marcel Conduite","url":"https:\/\/stmarcelconduite.com\/","logo":{"@type":"ImageObject","inLanguage":"fr-FR","@id":"https:\/\/stmarcelconduite.com\/#\/schema\/logo\/image\/","url":"https:\/\/stmarcelconduite.com\/wp-content\/uploads\/2021\/07\/cropped-st-marcel-conduite.png","contentUrl":"https:\/\/stmarcelconduite.com\/wp-content\/uploads\/2021\/07\/cropped-st-marcel-conduite.png","width":500,"height":197,"caption":"St Marcel Conduite"},"image":{"@id":"https:\/\/stmarcelconduite.com\/#\/schema\/logo\/image\/"},"sameAs":["https:\/\/www.facebook.com\/chateau9conduite","https:\/\/www.instagram.com\/chateau9stmarcel_conduite\/"]}]}},"_links":{"self":[{"href":"https:\/\/stmarcelconduite.com\/index.php\/wp-json\/wp\/v2\/pages\/2318","targetHints":{"allow":["GET"]}}],"collection":[{"href":"https:\/\/stmarcelconduite.com\/index.php\/wp-json\/wp\/v2\/pages"}],"about":[{"href":"https:\/\/stmarcelconduite.com\/index.php\/wp-json\/wp\/v2\/types\/page"}],"author":[{"embeddable":true,"href":"https:\/\/stmarcelconduite.com\/index.php\/wp-json\/wp\/v2\/users\/1"}],"replies":[{"embeddable":true,"href":"https:\/\/stmarcelconduite.com\/index.php\/wp-json\/wp\/v2\/comments?post=2318"}],"version-history":[{"count":13,"href":"https:\/\/stmarcelconduite.com\/index.php\/wp-json\/wp\/v2\/pages\/2318\/revisions"}],"predecessor-version":[{"id":2350,"href":"https:\/\/stmarcelconduite.com\/index.php\/wp-json\/wp\/v2\/pages\/2318\/revisions\/2350"}],"wp:attachment":[{"href":"https:\/\/stmarcelconduite.com\/index.php\/wp-json\/wp\/v2\/media?parent=2318"}],"curies":[{"name":"wp","href":"https:\/\/api.w.org\/{rel}","templated":true}]}}