{"id":411,"date":"2021-08-12T15:47:49","date_gmt":"2021-08-12T13:47:49","guid":{"rendered":"https:\/\/stmarcelconduite.com\/?page_id=411"},"modified":"2026-04-16T17:37:45","modified_gmt":"2026-04-16T15:37:45","slug":"permis-b","status":"publish","type":"page","link":"https:\/\/stmarcelconduite.com\/index.php\/permis-b\/","title":{"rendered":"Permis B"},"content":{"rendered":"\t\t<div data-elementor-type=\"wp-page\" data-elementor-id=\"411\" class=\"elementor elementor-411\">\n\t\t\t\t\t\t<section class=\"elementor-section elementor-top-section elementor-element elementor-element-7243a6e elementor-section-boxed elementor-section-height-default elementor-section-height-default\" data-id=\"7243a6e\" data-element_type=\"section\">\n\t\t\t\t\t\t<div class=\"elementor-container elementor-column-gap-default\">\n\t\t\t\t\t<div class=\"elementor-column elementor-col-100 elementor-top-column elementor-element elementor-element-d4a3300\" data-id=\"d4a3300\" data-element_type=\"column\">\n\t\t\t<div class=\"elementor-widget-wrap elementor-element-populated\">\n\t\t\t\t\t\t<div class=\"elementor-element elementor-element-1348876 elementor-widget elementor-widget-heading\" data-id=\"1348876\" data-element_type=\"widget\" data-widget_type=\"heading.default\">\n\t\t\t\t<div class=\"elementor-widget-container\">\n\t\t\t\t\t<h1 class=\"elementor-heading-title elementor-size-default\">Permis B<\/h1>\t\t\t\t<\/div>\n\t\t\t\t<\/div>\n\t\t\t\t<div class=\"elementor-element elementor-element-05beb78 elementor-widget elementor-widget-spacer\" data-id=\"05beb78\" data-element_type=\"widget\" data-widget_type=\"spacer.default\">\n\t\t\t\t<div class=\"elementor-widget-container\">\n\t\t\t\t\t\t\t<div class=\"elementor-spacer\">\n\t\t\t<div class=\"elementor-spacer-inner\"><\/div>\n\t\t<\/div>\n\t\t\t\t\t\t<\/div>\n\t\t\t\t<\/div>\n\t\t\t\t<div class=\"elementor-element elementor-element-f96fe9d elementor-widget elementor-widget-text-editor\" data-id=\"f96fe9d\" data-element_type=\"widget\" data-widget_type=\"text-editor.default\">\n\t\t\t\t<div class=\"elementor-widget-container\">\n\t\t\t\t\t\t\t\t\t<h3><strong>Vous recherchez une auto-\u00e9cole pour passer votre permis B sur Saint- Marcel-Les-Valence, Ch\u00e2teauneuf-sur-Is\u00e8re, Alixan ou encore Chatuzange le goubet? Contactez St Marcel conduite.<\/strong><\/h3>\t\t\t\t\t\t\t\t<\/div>\n\t\t\t\t<\/div>\n\t\t\t\t<div class=\"elementor-element elementor-element-606def3 elementor-widget elementor-widget-spacer\" data-id=\"606def3\" data-element_type=\"widget\" data-widget_type=\"spacer.default\">\n\t\t\t\t<div class=\"elementor-widget-container\">\n\t\t\t\t\t\t\t<div class=\"elementor-spacer\">\n\t\t\t<div class=\"elementor-spacer-inner\"><\/div>\n\t\t<\/div>\n\t\t\t\t\t\t<\/div>\n\t\t\t\t<\/div>\n\t\t\t\t\t<\/div>\n\t\t<\/div>\n\t\t\t\t\t<\/div>\n\t\t<\/section>\n\t\t\t\t<section class=\"elementor-section elementor-top-section elementor-element elementor-element-bec6cf3 elementor-section-boxed elementor-section-height-default elementor-section-height-default\" data-id=\"bec6cf3\" data-element_type=\"section\">\n\t\t\t\t\t\t<div class=\"elementor-container elementor-column-gap-default\">\n\t\t\t\t\t<div class=\"elementor-column elementor-col-100 elementor-top-column elementor-element elementor-element-7209673\" data-id=\"7209673\" data-element_type=\"column\">\n\t\t\t<div class=\"elementor-widget-wrap elementor-element-populated\">\n\t\t\t\t\t\t<div class=\"elementor-element elementor-element-50159d3 elementor-widget elementor-widget-text-editor\" data-id=\"50159d3\" data-element_type=\"widget\" data-widget_type=\"text-editor.default\">\n\t\t\t\t<div class=\"elementor-widget-container\">\n\t\t\t\t\t\t\t\t\t<p>Le Permis B traditionnel est accessible \u00e0 partir de 17 ans. Cette formation vous permet d&#8217;apprendre \u00e0 manipuler un v\u00e9hicule, connaitre les risque et les limites li\u00e9s \u00e0 la conduite. Les pr\u00e9requis sont la pers\u00e9v\u00e9rance et l&#8217;implication.\u00a0C&#8217;est pour cela que connaitre les r\u00e8gles du code de la route et d&#8217;adopter un comportement responsable est primordiale. Avant le commencement des le\u00e7ons de conduites une \u00e9valuation de d\u00e9part sera r\u00e9alis\u00e9e.<\/p><p><em>Le proc\u00e9d\u00e9 d&#8217;\u00e9valuation est t\u00e9l\u00e9chargeable\u00a0<\/em><a href=\"https:\/\/www.chateau9conduite.com\/assets\/components\/revogallerytt\/uploads\/1.1%20Eval%20D%C3%A9part%20B.pdf\"><em>ici.<\/em><\/a><\/p><p>Afin de garder une vue d&#8217;ensemble des comp\u00e9tences qu&#8217;un conducteurs doit acqu\u00e9rir, un programme de formation sera mis \u00e0 votre disposition pour ne pas mettre en danger votre vie ainsi que celle des autres usag\u00e9s de la route.<\/p><p><em><strong>Ce programme se d\u00e9compose en 4 comp\u00e9tences :<\/strong><\/em><\/p><ul><li><em><strong>Maitriser le maniement du v\u00e9hicule dans un trafic faible ou nul<\/strong><\/em><\/li><li><em><strong>Appr\u00e9hender la route et circuler dans des conditions normales<\/strong><\/em><\/li><li><em><strong>Circuler dans des conditions difficiles et partager la route avec les autres usagers<\/strong><\/em><\/li><li><em><strong>Pratiquer une conduite autonome, s\u00fbre et \u00e9conomique.<\/strong><\/em><\/li><\/ul><p><em>L\u2019objectif g\u00e9n\u00e9ral est d\u2019amener tout automobiliste d\u00e9butant \u00e0 la\u00a0<strong>ma\u00eetrise de comp\u00e9tences en termes de savoir \u00eatre, savoirs, savoir-faire et savoir devenir.<\/strong><\/em><\/p><p>L&#8217;apprentissage de la conduite est p\u00e9dagogue et exigent.<\/p><p><em><a href=\"https:\/\/www.chateau9conduite.com\/assets\/components\/revogallerytt\/uploads\/1.5%20-%20RDV%20post%20permis.pdf\">Rendez vous post-permis (falcultatif)\u00a0<\/a>\u00a0&amp;<a href=\"https:\/\/www.chateau9conduite.com\/assets\/components\/revogallerytt\/uploads\/2.2%20Enjeux%20formation%20et%20d%C3%A9roulement%20%C3%A9preuve.pdf\">\u00a0Enjeux de la formation et d\u00e9roulement des examens<\/a><\/em>\u00a0<\/p>\t\t\t\t\t\t\t\t<\/div>\n\t\t\t\t<\/div>\n\t\t\t\t\t<\/div>\n\t\t<\/div>\n\t\t\t\t\t<\/div>\n\t\t<\/section>\n\t\t\t\t<section class=\"elementor-section elementor-top-section elementor-element elementor-element-87b1854 elementor-section-boxed elementor-section-height-default elementor-section-height-default\" data-id=\"87b1854\" data-element_type=\"section\">\n\t\t\t\t\t\t<div class=\"elementor-container elementor-column-gap-default\">\n\t\t\t\t\t<div class=\"elementor-column elementor-col-50 elementor-top-column elementor-element elementor-element-efdd9e7\" data-id=\"efdd9e7\" data-element_type=\"column\">\n\t\t\t<div class=\"elementor-widget-wrap elementor-element-populated\">\n\t\t\t\t\t\t<div class=\"elementor-element elementor-element-c0a7b64 elementor-widget elementor-widget-text-editor\" data-id=\"c0a7b64\" data-element_type=\"widget\" data-widget_type=\"text-editor.default\">\n\t\t\t\t<div class=\"elementor-widget-container\">\n\t\t\t\t\t\t\t\t\t<p><strong><span style=\"text-decoration: underline;\">DOCUMENTS A FOURNIR<\/span><\/strong><\/p><ul><li>Photos d&#8217;identit\u00e9s num\u00e9riques (E-Photo)<\/li><li>Pi\u00e8ce d&#8217;identit\u00e9 du candidat<\/li><li>Pi\u00e8ce d&#8217;identit\u00e9 du responsable l\u00e9gal \/ h\u00e9bergeant<\/li><li>Attestation de recensement (16 \u00e0 17ans)<\/li><li>Attestation de la Journ\u00e9e d\u00e9fense et citoyenne (JDC) (17 \u00e0 25ans)<\/li><li><span style=\"font-style: inherit; font-weight: inherit; font-family: var( --e-global-typography-text-font-family ), Sans-serif;\">Permis AM (BSR)=&gt; <\/span><span style=\"font-weight: inherit; font-family: var( --e-global-typography-text-font-family ), Sans-serif;\"><i>Si Obtenu<\/i><\/span><\/li><li>Justificatif de domicile dat\u00e9 de moins de 3 mois<\/li><li>Une attestation sur l&#8217;honneur d&#8217;h\u00e9bergement sign\u00e9e par les deux parties<\/li><\/ul>\t\t\t\t\t\t\t\t<\/div>\n\t\t\t\t<\/div>\n\t\t\t\t\t<\/div>\n\t\t<\/div>\n\t\t\t\t<div class=\"elementor-column elementor-col-50 elementor-top-column elementor-element elementor-element-092352c\" data-id=\"092352c\" data-element_type=\"column\">\n\t\t\t<div class=\"elementor-widget-wrap elementor-element-populated\">\n\t\t\t\t\t\t<div class=\"elementor-element elementor-element-2045ddd elementor-widget elementor-widget-text-editor\" data-id=\"2045ddd\" data-element_type=\"widget\" data-widget_type=\"text-editor.default\">\n\t\t\t\t<div class=\"elementor-widget-container\">\n\t\t\t\t\t\t\t\t\t<h4><span style=\"text-decoration: underline;\"><strong>Forfait Permis B : 1 070\u20ac*<\/strong><\/span><\/h4>\n<p class=\"remarque\"><em>*(Paiement en 2 fois possible sans frais)<\/em><\/p>\n<p><span style=\"text-decoration: underline;\"><strong>Compris dans le forfait:<\/strong><\/span><\/p>\n<ul>\n<li>20 le\u00e7ons de conduite : 980\u20ac TTC<\/li>\n<li>Frais d&#8217;accompagnement \u00e0 l&#8217;examen pratique : 55\u20ac TTC&nbsp;<\/li>\n<\/ul>\n<p><span style=\"text-decoration: underline;\"><em><strong>Le\u00e7on de conduite en dehors du forfait : 55\u20ac<\/strong><\/em><\/span><\/p>\n<p><span style=\"text-decoration: underline;\"><strong>Frais hors forfait:<\/strong><\/span><\/p>\n<ul>\n<li>Evaluation de d\u00e9part en voiture : 55\u20ac TTC&nbsp;<\/li>\n<\/ul>\t\t\t\t\t\t\t\t<\/div>\n\t\t\t\t<\/div>\n\t\t\t\t\t<\/div>\n\t\t<\/div>\n\t\t\t\t\t<\/div>\n\t\t<\/section>\n\t\t\t\t<section class=\"elementor-section elementor-top-section elementor-element elementor-element-70bcb01 elementor-section-boxed elementor-section-height-default elementor-section-height-default\" data-id=\"70bcb01\" data-element_type=\"section\">\n\t\t\t\t\t\t<div class=\"elementor-container elementor-column-gap-default\">\n\t\t\t\t\t<div class=\"elementor-column elementor-col-100 elementor-top-column elementor-element elementor-element-93ab95e\" data-id=\"93ab95e\" data-element_type=\"column\">\n\t\t\t<div class=\"elementor-widget-wrap elementor-element-populated\">\n\t\t\t\t\t\t<div class=\"elementor-element elementor-element-68f4931 elementor-widget elementor-widget-heading\" data-id=\"68f4931\" data-element_type=\"widget\" data-widget_type=\"heading.default\">\n\t\t\t\t<div class=\"elementor-widget-container\">\n\t\t\t\t\t<h2 class=\"elementor-heading-title elementor-size-default\">Contactez St Marcel Conduite ! <\/h2>\t\t\t\t<\/div>\n\t\t\t\t<\/div>\n\t\t\t\t\t<\/div>\n\t\t<\/div>\n\t\t\t\t\t<\/div>\n\t\t<\/section>\n\t\t\t\t<section class=\"elementor-section elementor-top-section elementor-element elementor-element-a6818cc elementor-section-boxed elementor-section-height-default elementor-section-height-default\" data-id=\"a6818cc\" data-element_type=\"section\">\n\t\t\t\t\t\t<div class=\"elementor-container elementor-column-gap-default\">\n\t\t\t\t\t<div class=\"elementor-column elementor-col-100 elementor-top-column elementor-element elementor-element-00bc9c1\" data-id=\"00bc9c1\" data-element_type=\"column\">\n\t\t\t<div class=\"elementor-widget-wrap elementor-element-populated\">\n\t\t\t\t\t\t<section class=\"elementor-section elementor-inner-section elementor-element elementor-element-5ba30bf elementor-section-boxed elementor-section-height-default elementor-section-height-default\" data-id=\"5ba30bf\" data-element_type=\"section\">\n\t\t\t\t\t\t<div class=\"elementor-container elementor-column-gap-default\">\n\t\t\t\t\t<div class=\"elementor-column elementor-col-50 elementor-inner-column elementor-element elementor-element-80c901b\" data-id=\"80c901b\" data-element_type=\"column\">\n\t\t\t<div class=\"elementor-widget-wrap elementor-element-populated\">\n\t\t\t\t\t\t<div class=\"elementor-element elementor-element-e16b827 elementor-view-default elementor-widget elementor-widget-icon\" data-id=\"e16b827\" data-element_type=\"widget\" data-widget_type=\"icon.default\">\n\t\t\t\t<div class=\"elementor-widget-container\">\n\t\t\t\t\t\t\t<div class=\"elementor-icon-wrapper\">\n\t\t\t<div class=\"elementor-icon\">\n\t\t\t<i aria-hidden=\"true\" class=\"fas fa-phone\"><\/i>\t\t\t<\/div>\n\t\t<\/div>\n\t\t\t\t\t\t<\/div>\n\t\t\t\t<\/div>\n\t\t\t\t\t<\/div>\n\t\t<\/div>\n\t\t\t\t<div class=\"elementor-column elementor-col-50 elementor-inner-column elementor-element elementor-element-b5ef97a\" data-id=\"b5ef97a\" data-element_type=\"column\">\n\t\t\t<div class=\"elementor-widget-wrap elementor-element-populated\">\n\t\t\t\t\t\t<div class=\"elementor-element elementor-element-1f96a09 elementor-view-default elementor-widget elementor-widget-icon\" data-id=\"1f96a09\" data-element_type=\"widget\" data-widget_type=\"icon.default\">\n\t\t\t\t<div class=\"elementor-widget-container\">\n\t\t\t\t\t\t\t<div class=\"elementor-icon-wrapper\">\n\t\t\t<div class=\"elementor-icon\">\n\t\t\t<i aria-hidden=\"true\" class=\"fas fa-envelope\"><\/i>\t\t\t<\/div>\n\t\t<\/div>\n\t\t\t\t\t\t<\/div>\n\t\t\t\t<\/div>\n\t\t\t\t\t<\/div>\n\t\t<\/div>\n\t\t\t\t\t<\/div>\n\t\t<\/section>\n\t\t\t\t\t<\/div>\n\t\t<\/div>\n\t\t\t\t\t<\/div>\n\t\t<\/section>\n\t\t\t\t<section class=\"elementor-section elementor-top-section elementor-element elementor-element-48a79bd elementor-section-boxed elementor-section-height-default elementor-section-height-default\" data-id=\"48a79bd\" data-element_type=\"section\">\n\t\t\t\t\t\t<div class=\"elementor-container elementor-column-gap-default\">\n\t\t\t\t\t<div class=\"elementor-column elementor-col-100 elementor-top-column elementor-element elementor-element-f7f3208\" data-id=\"f7f3208\" data-element_type=\"column\">\n\t\t\t<div class=\"elementor-widget-wrap elementor-element-populated\">\n\t\t\t\t\t\t<section class=\"elementor-section elementor-inner-section elementor-element elementor-element-29e8732 elementor-section-boxed elementor-section-height-default elementor-section-height-default\" data-id=\"29e8732\" data-element_type=\"section\">\n\t\t\t\t\t\t<div class=\"elementor-container elementor-column-gap-default\">\n\t\t\t\t\t<div class=\"elementor-column elementor-col-50 elementor-inner-column elementor-element elementor-element-2815c5e\" data-id=\"2815c5e\" data-element_type=\"column\">\n\t\t\t<div class=\"elementor-widget-wrap elementor-element-populated\">\n\t\t\t\t\t\t<div class=\"elementor-element elementor-element-a1acad4 elementor-widget elementor-widget-text-editor\" data-id=\"a1acad4\" data-element_type=\"widget\" data-widget_type=\"text-editor.default\">\n\t\t\t\t<div class=\"elementor-widget-container\">\n\t\t\t\t\t\t\t\t\t<p>06.49.52.94.23 \/ 09.79.22.02.35<\/p>\t\t\t\t\t\t\t\t<\/div>\n\t\t\t\t<\/div>\n\t\t\t\t\t<\/div>\n\t\t<\/div>\n\t\t\t\t<div class=\"elementor-column elementor-col-50 elementor-inner-column elementor-element elementor-element-607f8dd\" data-id=\"607f8dd\" data-element_type=\"column\">\n\t\t\t<div class=\"elementor-widget-wrap elementor-element-populated\">\n\t\t\t\t\t\t<div class=\"elementor-element elementor-element-00dc938 elementor-widget elementor-widget-text-editor\" data-id=\"00dc938\" data-element_type=\"widget\" data-widget_type=\"text-editor.default\">\n\t\t\t\t<div class=\"elementor-widget-container\">\n\t\t\t\t\t\t\t\t\t<p>stmarcelconduite@gmail.com<\/p>\t\t\t\t\t\t\t\t<\/div>\n\t\t\t\t<\/div>\n\t\t\t\t\t<\/div>\n\t\t<\/div>\n\t\t\t\t\t<\/div>\n\t\t<\/section>\n\t\t\t\t\t<\/div>\n\t\t<\/div>\n\t\t\t\t\t<\/div>\n\t\t<\/section>\n\t\t\t\t<\/div>\n\t\t","protected":false},"excerpt":{"rendered":"<p>Permis B Vous recherchez une auto-\u00e9cole pour passer votre permis B sur Saint- Marcel-Les-Valence, Ch\u00e2teauneuf-sur-Is\u00e8re, Alixan ou encore Chatuzange le goubet? Contactez St Marcel conduite. Le Permis B traditionnel est accessible \u00e0 partir de 17 ans. Cette formation vous permet d&#8217;apprendre \u00e0 manipuler un v\u00e9hicule, connaitre les risque et les limites li\u00e9s \u00e0 la conduite. [&hellip;]<\/p>\n","protected":false},"author":1,"featured_media":0,"parent":0,"menu_order":0,"comment_status":"closed","ping_status":"closed","template":"","meta":{"site-sidebar-layout":"no-sidebar","site-content-layout":"page-builder","ast-site-content-layout":"","site-content-style":"default","site-sidebar-style":"default","ast-global-header-display":"","ast-banner-title-visibility":"","ast-main-header-display":"","ast-hfb-above-header-display":"","ast-hfb-below-header-display":"","ast-hfb-mobile-header-display":"","site-post-title":"disabled","ast-breadcrumbs-content":"","ast-featured-img":"disabled","footer-sml-layout":"","theme-transparent-header-meta":"default","adv-header-id-meta":"","stick-header-meta":"","header-above-stick-meta":"","header-main-stick-meta":"","header-below-stick-meta":"","astra-migrate-meta-layouts":"default","ast-page-background-enabled":"default","ast-page-background-meta":{"desktop":{"background-color":"","background-image":"","background-repeat":"repeat","background-position":"center center","background-size":"auto","background-attachment":"scroll","background-type":"","background-media":"","overlay-type":"","overlay-color":"","overlay-opacity":"","overlay-gradient":""},"tablet":{"background-color":"","background-image":"","background-repeat":"repeat","background-position":"center center","background-size":"auto","background-attachment":"scroll","background-type":"","background-media":"","overlay-type":"","overlay-color":"","overlay-opacity":"","overlay-gradient":""},"mobile":{"background-color":"","background-image":"","background-repeat":"repeat","background-position":"center center","background-size":"auto","background-attachment":"scroll","background-type":"","background-media":"","overlay-type":"","overlay-color":"","overlay-opacity":"","overlay-gradient":""}},"ast-content-background-meta":{"desktop":{"background-color":"var(--ast-global-color-5)","background-image":"","background-repeat":"repeat","background-position":"center center","background-size":"auto","background-attachment":"scroll","background-type":"","background-media":"","overlay-type":"","overlay-color":"","overlay-opacity":"","overlay-gradient":""},"tablet":{"background-color":"var(--ast-global-color-5)","background-image":"","background-repeat":"repeat","background-position":"center center","background-size":"auto","background-attachment":"scroll","background-type":"","background-media":"","overlay-type":"","overlay-color":"","overlay-opacity":"","overlay-gradient":""},"mobile":{"background-color":"var(--ast-global-color-5)","background-image":"","background-repeat":"repeat","background-position":"center center","background-size":"auto","background-attachment":"scroll","background-type":"","background-media":"","overlay-type":"","overlay-color":"","overlay-opacity":"","overlay-gradient":""}},"footnotes":""},"class_list":["post-411","page","type-page","status-publish","hentry"],"yoast_head":"<!-- This site is optimized with the Yoast SEO plugin v24.8 - https:\/\/yoast.com\/wordpress\/plugins\/seo\/ -->\n<title>Permis B - auto ecole saint marcel les valence m\u00e9canique<\/title>\n<meta name=\"description\" content=\"Permis B voiture \u00e0 partir de 18 ans en Boite M\u00e9canique \u00e0 Mont\u00e9lier, Alixan, Bourg des p\u00e9age, Saint Marcel les valence\" \/>\n<meta name=\"robots\" content=\"index, follow, max-snippet:-1, max-image-preview:large, max-video-preview:-1\" \/>\n<link rel=\"canonical\" href=\"https:\/\/stmarcelconduite.com\/index.php\/permis-b\/\" \/>\n<meta property=\"og:locale\" content=\"fr_FR\" \/>\n<meta property=\"og:type\" content=\"article\" \/>\n<meta property=\"og:title\" content=\"Permis B - auto ecole saint marcel les valence m\u00e9canique\" \/>\n<meta property=\"og:description\" content=\"Permis B voiture \u00e0 partir de 18 ans en Boite M\u00e9canique \u00e0 Mont\u00e9lier, Alixan, Bourg des p\u00e9age, Saint Marcel les valence\" \/>\n<meta property=\"og:url\" content=\"https:\/\/stmarcelconduite.com\/index.php\/permis-b\/\" \/>\n<meta property=\"article:publisher\" content=\"https:\/\/www.facebook.com\/chateau9conduite\" \/>\n<meta property=\"article:modified_time\" content=\"2026-04-16T15:37:45+00:00\" \/>\n<meta property=\"og:image\" content=\"https:\/\/stmarcelconduite.com\/wp-content\/uploads\/2021\/08\/st-marcel-conduite-3.png\" \/>\n\t<meta property=\"og:image:width\" content=\"496\" \/>\n\t<meta property=\"og:image:height\" content=\"234\" \/>\n\t<meta property=\"og:image:type\" content=\"image\/png\" \/>\n<meta name=\"twitter:card\" content=\"summary_large_image\" \/>\n<meta name=\"twitter:label1\" content=\"Dur\u00e9e de lecture estim\u00e9e\" \/>\n\t<meta name=\"twitter:data1\" content=\"2 minutes\" \/>\n<script type=\"application\/ld+json\" class=\"yoast-schema-graph\">{\"@context\":\"https:\/\/schema.org\",\"@graph\":[{\"@type\":\"WebPage\",\"@id\":\"https:\/\/stmarcelconduite.com\/index.php\/permis-b\/\",\"url\":\"https:\/\/stmarcelconduite.com\/index.php\/permis-b\/\",\"name\":\"Permis B - auto ecole saint marcel les valence m\u00e9canique\",\"isPartOf\":{\"@id\":\"https:\/\/stmarcelconduite.com\/#website\"},\"datePublished\":\"2021-08-12T13:47:49+00:00\",\"dateModified\":\"2026-04-16T15:37:45+00:00\",\"description\":\"Permis B voiture \u00e0 partir de 18 ans en Boite M\u00e9canique \u00e0 Mont\u00e9lier, Alixan, Bourg des p\u00e9age, Saint Marcel les valence\",\"breadcrumb\":{\"@id\":\"https:\/\/stmarcelconduite.com\/index.php\/permis-b\/#breadcrumb\"},\"inLanguage\":\"fr-FR\",\"potentialAction\":[{\"@type\":\"ReadAction\",\"target\":[\"https:\/\/stmarcelconduite.com\/index.php\/permis-b\/\"]}]},{\"@type\":\"BreadcrumbList\",\"@id\":\"https:\/\/stmarcelconduite.com\/index.php\/permis-b\/#breadcrumb\",\"itemListElement\":[{\"@type\":\"ListItem\",\"position\":1,\"name\":\"Accueil\",\"item\":\"https:\/\/stmarcelconduite.com\/\"},{\"@type\":\"ListItem\",\"position\":2,\"name\":\"Permis B\"}]},{\"@type\":\"WebSite\",\"@id\":\"https:\/\/stmarcelconduite.com\/#website\",\"url\":\"https:\/\/stmarcelconduite.com\/\",\"name\":\"Stmarcelconduite.com\",\"description\":\"\",\"publisher\":{\"@id\":\"https:\/\/stmarcelconduite.com\/#organization\"},\"potentialAction\":[{\"@type\":\"SearchAction\",\"target\":{\"@type\":\"EntryPoint\",\"urlTemplate\":\"https:\/\/stmarcelconduite.com\/?s={search_term_string}\"},\"query-input\":{\"@type\":\"PropertyValueSpecification\",\"valueRequired\":true,\"valueName\":\"search_term_string\"}}],\"inLanguage\":\"fr-FR\"},{\"@type\":\"Organization\",\"@id\":\"https:\/\/stmarcelconduite.com\/#organization\",\"name\":\"St Marcel Conduite\",\"url\":\"https:\/\/stmarcelconduite.com\/\",\"logo\":{\"@type\":\"ImageObject\",\"inLanguage\":\"fr-FR\",\"@id\":\"https:\/\/stmarcelconduite.com\/#\/schema\/logo\/image\/\",\"url\":\"https:\/\/stmarcelconduite.com\/wp-content\/uploads\/2021\/07\/cropped-st-marcel-conduite.png\",\"contentUrl\":\"https:\/\/stmarcelconduite.com\/wp-content\/uploads\/2021\/07\/cropped-st-marcel-conduite.png\",\"width\":500,\"height\":197,\"caption\":\"St Marcel Conduite\"},\"image\":{\"@id\":\"https:\/\/stmarcelconduite.com\/#\/schema\/logo\/image\/\"},\"sameAs\":[\"https:\/\/www.facebook.com\/chateau9conduite\",\"https:\/\/www.instagram.com\/chateau9stmarcel_conduite\/\"]}]}<\/script>\n<!-- \/ Yoast SEO plugin. -->","yoast_head_json":{"title":"Permis B - auto ecole saint marcel les valence m\u00e9canique","description":"Permis B voiture \u00e0 partir de 18 ans en Boite M\u00e9canique \u00e0 Mont\u00e9lier, Alixan, Bourg des p\u00e9age, Saint Marcel les valence","robots":{"index":"index","follow":"follow","max-snippet":"max-snippet:-1","max-image-preview":"max-image-preview:large","max-video-preview":"max-video-preview:-1"},"canonical":"https:\/\/stmarcelconduite.com\/index.php\/permis-b\/","og_locale":"fr_FR","og_type":"article","og_title":"Permis B - auto ecole saint marcel les valence m\u00e9canique","og_description":"Permis B voiture \u00e0 partir de 18 ans en Boite M\u00e9canique \u00e0 Mont\u00e9lier, Alixan, Bourg des p\u00e9age, Saint Marcel les valence","og_url":"https:\/\/stmarcelconduite.com\/index.php\/permis-b\/","article_publisher":"https:\/\/www.facebook.com\/chateau9conduite","article_modified_time":"2026-04-16T15:37:45+00:00","og_image":[{"width":496,"height":234,"url":"https:\/\/stmarcelconduite.com\/wp-content\/uploads\/2021\/08\/st-marcel-conduite-3.png","type":"image\/png"}],"twitter_card":"summary_large_image","twitter_misc":{"Dur\u00e9e de lecture estim\u00e9e":"2 minutes"},"schema":{"@context":"https:\/\/schema.org","@graph":[{"@type":"WebPage","@id":"https:\/\/stmarcelconduite.com\/index.php\/permis-b\/","url":"https:\/\/stmarcelconduite.com\/index.php\/permis-b\/","name":"Permis B - auto ecole saint marcel les valence m\u00e9canique","isPartOf":{"@id":"https:\/\/stmarcelconduite.com\/#website"},"datePublished":"2021-08-12T13:47:49+00:00","dateModified":"2026-04-16T15:37:45+00:00","description":"Permis B voiture \u00e0 partir de 18 ans en Boite M\u00e9canique \u00e0 Mont\u00e9lier, Alixan, Bourg des p\u00e9age, Saint Marcel les valence","breadcrumb":{"@id":"https:\/\/stmarcelconduite.com\/index.php\/permis-b\/#breadcrumb"},"inLanguage":"fr-FR","potentialAction":[{"@type":"ReadAction","target":["https:\/\/stmarcelconduite.com\/index.php\/permis-b\/"]}]},{"@type":"BreadcrumbList","@id":"https:\/\/stmarcelconduite.com\/index.php\/permis-b\/#breadcrumb","itemListElement":[{"@type":"ListItem","position":1,"name":"Accueil","item":"https:\/\/stmarcelconduite.com\/"},{"@type":"ListItem","position":2,"name":"Permis B"}]},{"@type":"WebSite","@id":"https:\/\/stmarcelconduite.com\/#website","url":"https:\/\/stmarcelconduite.com\/","name":"Stmarcelconduite.com","description":"","publisher":{"@id":"https:\/\/stmarcelconduite.com\/#organization"},"potentialAction":[{"@type":"SearchAction","target":{"@type":"EntryPoint","urlTemplate":"https:\/\/stmarcelconduite.com\/?s={search_term_string}"},"query-input":{"@type":"PropertyValueSpecification","valueRequired":true,"valueName":"search_term_string"}}],"inLanguage":"fr-FR"},{"@type":"Organization","@id":"https:\/\/stmarcelconduite.com\/#organization","name":"St Marcel Conduite","url":"https:\/\/stmarcelconduite.com\/","logo":{"@type":"ImageObject","inLanguage":"fr-FR","@id":"https:\/\/stmarcelconduite.com\/#\/schema\/logo\/image\/","url":"https:\/\/stmarcelconduite.com\/wp-content\/uploads\/2021\/07\/cropped-st-marcel-conduite.png","contentUrl":"https:\/\/stmarcelconduite.com\/wp-content\/uploads\/2021\/07\/cropped-st-marcel-conduite.png","width":500,"height":197,"caption":"St Marcel Conduite"},"image":{"@id":"https:\/\/stmarcelconduite.com\/#\/schema\/logo\/image\/"},"sameAs":["https:\/\/www.facebook.com\/chateau9conduite","https:\/\/www.instagram.com\/chateau9stmarcel_conduite\/"]}]}},"_links":{"self":[{"href":"https:\/\/stmarcelconduite.com\/index.php\/wp-json\/wp\/v2\/pages\/411","targetHints":{"allow":["GET"]}}],"collection":[{"href":"https:\/\/stmarcelconduite.com\/index.php\/wp-json\/wp\/v2\/pages"}],"about":[{"href":"https:\/\/stmarcelconduite.com\/index.php\/wp-json\/wp\/v2\/types\/page"}],"author":[{"embeddable":true,"href":"https:\/\/stmarcelconduite.com\/index.php\/wp-json\/wp\/v2\/users\/1"}],"replies":[{"embeddable":true,"href":"https:\/\/stmarcelconduite.com\/index.php\/wp-json\/wp\/v2\/comments?post=411"}],"version-history":[{"count":51,"href":"https:\/\/stmarcelconduite.com\/index.php\/wp-json\/wp\/v2\/pages\/411\/revisions"}],"predecessor-version":[{"id":2199,"href":"https:\/\/stmarcelconduite.com\/index.php\/wp-json\/wp\/v2\/pages\/411\/revisions\/2199"}],"wp:attachment":[{"href":"https:\/\/stmarcelconduite.com\/index.php\/wp-json\/wp\/v2\/media?parent=411"}],"curies":[{"name":"wp","href":"https:\/\/api.w.org\/{rel}","templated":true}]}}