{"id":52,"date":"2021-07-02T10:32:57","date_gmt":"2021-07-02T08:32:57","guid":{"rendered":"https:\/\/stmarcelconduite.com\/?page_id=52"},"modified":"2025-08-31T11:50:55","modified_gmt":"2025-08-31T09:50:55","slug":"contact-horaires","status":"publish","type":"page","link":"https:\/\/stmarcelconduite.com\/index.php\/contact-horaires\/","title":{"rendered":"Contact \/ Horaires"},"content":{"rendered":"\t\t<div data-elementor-type=\"wp-page\" data-elementor-id=\"52\" class=\"elementor elementor-52\">\n\t\t\t\t\t\t<section class=\"elementor-section elementor-top-section elementor-element elementor-element-71c7369 elementor-section-boxed elementor-section-height-default elementor-section-height-default\" data-id=\"71c7369\" data-element_type=\"section\">\n\t\t\t\t\t\t<div class=\"elementor-container elementor-column-gap-default\">\n\t\t\t\t\t<div class=\"elementor-column elementor-col-100 elementor-top-column elementor-element elementor-element-9a29763\" data-id=\"9a29763\" data-element_type=\"column\">\n\t\t\t<div class=\"elementor-widget-wrap elementor-element-populated\">\n\t\t\t\t\t\t<div class=\"elementor-element elementor-element-719a953 elementor-widget elementor-widget-heading\" data-id=\"719a953\" data-element_type=\"widget\" data-widget_type=\"heading.default\">\n\t\t\t\t<div class=\"elementor-widget-container\">\n\t\t\t\t\t<h1 class=\"elementor-heading-title elementor-size-default\">Nos horaires<\/h1>\t\t\t\t<\/div>\n\t\t\t\t<\/div>\n\t\t\t\t\t<\/div>\n\t\t<\/div>\n\t\t\t\t\t<\/div>\n\t\t<\/section>\n\t\t\t\t<section class=\"elementor-section elementor-top-section elementor-element elementor-element-e4bf8a1 elementor-section-boxed elementor-section-height-default elementor-section-height-default\" data-id=\"e4bf8a1\" data-element_type=\"section\">\n\t\t\t\t\t\t<div class=\"elementor-container elementor-column-gap-default\">\n\t\t\t\t\t<div class=\"elementor-column elementor-col-100 elementor-top-column elementor-element elementor-element-9121380\" data-id=\"9121380\" data-element_type=\"column\">\n\t\t\t<div class=\"elementor-widget-wrap elementor-element-populated\">\n\t\t\t\t\t\t<section class=\"elementor-section elementor-inner-section elementor-element elementor-element-868b61e elementor-section-boxed elementor-section-height-default elementor-section-height-default\" data-id=\"868b61e\" data-element_type=\"section\">\n\t\t\t\t\t\t<div class=\"elementor-container elementor-column-gap-default\">\n\t\t\t\t\t<div class=\"elementor-column elementor-col-50 elementor-inner-column elementor-element elementor-element-18a2fc1\" data-id=\"18a2fc1\" data-element_type=\"column\">\n\t\t\t<div class=\"elementor-widget-wrap elementor-element-populated\">\n\t\t\t\t\t\t<div class=\"elementor-element elementor-element-6f00845 elementor-widget elementor-widget-text-editor\" data-id=\"6f00845\" data-element_type=\"widget\" data-widget_type=\"text-editor.default\">\n\t\t\t\t<div class=\"elementor-widget-container\">\n\t\t\t\t\t\t\t\t\t<p><span style=\"text-decoration: underline;\"><strong>Horaires du bureau :\u00a0<\/strong><\/span><\/p><p>Lundi : 10H -12H \/ 13H -18H<\/p><p>Mardi: 13H-18H<\/p><p>Mercredi: 10H-12H \/ 13H-19H<\/p><p>Jeudi: 10H -12H \/ 13H -18H<\/p><p>Vendredi: 10H-12H \/ 13H-19H<\/p><p>Samedi\u00a0 : 10H-12H<\/p><p><span style=\"text-decoration: underline;\"><strong>Horaires des cours de code :\u00a0<\/strong><\/span><\/p><p>Mardi\u00a0 \u00a0 \u00a0:\u00a0 \u00a017H-18H<\/p><p>Mercredi:\u00a0 17H-19H<\/p><p>Jeudi\u00a0 \u00a0 \u00a0 : 16H30-18H<\/p><p>Vendredi: 17H-19H<\/p><p>Samedi\u00a0 : 10H-12H<\/p>\t\t\t\t\t\t\t\t<\/div>\n\t\t\t\t<\/div>\n\t\t\t\t\t<\/div>\n\t\t<\/div>\n\t\t\t\t<div class=\"elementor-column elementor-col-50 elementor-inner-column elementor-element elementor-element-fa1ab0c\" data-id=\"fa1ab0c\" data-element_type=\"column\">\n\t\t\t<div class=\"elementor-widget-wrap elementor-element-populated\">\n\t\t\t\t\t\t<div class=\"elementor-element elementor-element-baa64ab elementor-widget elementor-widget-google_maps\" data-id=\"baa64ab\" data-element_type=\"widget\" data-widget_type=\"google_maps.default\">\n\t\t\t\t<div class=\"elementor-widget-container\">\n\t\t\t\t\t\t\t<div class=\"elementor-custom-embed\">\n\t\t\t<iframe loading=\"lazy\"\n\t\t\t\t\tsrc=\"https:\/\/maps.google.com\/maps?q=45%20AV%20de%20Provence%2C%2026320%20Saint%20Marcel%20l%C3%A8s%20Valence&#038;t=m&#038;z=10&#038;output=embed&#038;iwloc=near\"\n\t\t\t\t\ttitle=\"45 AV de Provence, 26320 Saint Marcel l\u00e8s Valence\"\n\t\t\t\t\taria-label=\"45 AV de Provence, 26320 Saint Marcel l\u00e8s Valence\"\n\t\t\t><\/iframe>\n\t\t<\/div>\n\t\t\t\t\t\t<\/div>\n\t\t\t\t<\/div>\n\t\t\t\t\t<\/div>\n\t\t<\/div>\n\t\t\t\t\t<\/div>\n\t\t<\/section>\n\t\t\t\t<div class=\"elementor-element elementor-element-ab2d0d3 elementor-widget elementor-widget-spacer\" data-id=\"ab2d0d3\" data-element_type=\"widget\" data-widget_type=\"spacer.default\">\n\t\t\t\t<div class=\"elementor-widget-container\">\n\t\t\t\t\t\t\t<div class=\"elementor-spacer\">\n\t\t\t<div class=\"elementor-spacer-inner\"><\/div>\n\t\t<\/div>\n\t\t\t\t\t\t<\/div>\n\t\t\t\t<\/div>\n\t\t\t\t\t<\/div>\n\t\t<\/div>\n\t\t\t\t\t<\/div>\n\t\t<\/section>\n\t\t\t\t<section class=\"elementor-section elementor-top-section elementor-element elementor-element-449e929 elementor-section-boxed elementor-section-height-default elementor-section-height-default\" data-id=\"449e929\" data-element_type=\"section\">\n\t\t\t\t\t\t<div class=\"elementor-container elementor-column-gap-default\">\n\t\t\t\t\t<div class=\"elementor-column elementor-col-100 elementor-top-column elementor-element elementor-element-57450bd\" data-id=\"57450bd\" data-element_type=\"column\">\n\t\t\t<div class=\"elementor-widget-wrap elementor-element-populated\">\n\t\t\t\t\t\t<section class=\"elementor-section elementor-inner-section elementor-element elementor-element-b3855b4 elementor-section-boxed elementor-section-height-default elementor-section-height-default\" data-id=\"b3855b4\" data-element_type=\"section\">\n\t\t\t\t\t\t<div class=\"elementor-container elementor-column-gap-default\">\n\t\t\t\t\t<div class=\"elementor-column elementor-col-100 elementor-inner-column elementor-element elementor-element-ee05e81\" data-id=\"ee05e81\" data-element_type=\"column\">\n\t\t\t<div class=\"elementor-widget-wrap\">\n\t\t\t\t\t\t\t<\/div>\n\t\t<\/div>\n\t\t\t\t\t<\/div>\n\t\t<\/section>\n\t\t\t\t<section class=\"elementor-section elementor-inner-section elementor-element elementor-element-3a0c05d elementor-section-boxed elementor-section-height-default elementor-section-height-default\" data-id=\"3a0c05d\" data-element_type=\"section\">\n\t\t\t\t\t\t<div class=\"elementor-container elementor-column-gap-default\">\n\t\t\t\t\t<div class=\"elementor-column elementor-col-50 elementor-inner-column elementor-element elementor-element-c03649a\" data-id=\"c03649a\" data-element_type=\"column\">\n\t\t\t<div class=\"elementor-widget-wrap elementor-element-populated\">\n\t\t\t\t\t\t<div class=\"elementor-element elementor-element-86197db elementor-view-default elementor-widget elementor-widget-icon\" data-id=\"86197db\" data-element_type=\"widget\" data-widget_type=\"icon.default\">\n\t\t\t\t<div class=\"elementor-widget-container\">\n\t\t\t\t\t\t\t<div class=\"elementor-icon-wrapper\">\n\t\t\t<div class=\"elementor-icon\">\n\t\t\t<i aria-hidden=\"true\" class=\"fas fa-phone\"><\/i>\t\t\t<\/div>\n\t\t<\/div>\n\t\t\t\t\t\t<\/div>\n\t\t\t\t<\/div>\n\t\t\t\t<div class=\"elementor-element elementor-element-5ecfaaf elementor-widget elementor-widget-text-editor\" data-id=\"5ecfaaf\" data-element_type=\"widget\" data-widget_type=\"text-editor.default\">\n\t\t\t\t<div class=\"elementor-widget-container\">\n\t\t\t\t\t\t\t\t\t<p><strong>06.49.52.94.23 \/ 09.79.22.02.35<\/strong><\/p>\t\t\t\t\t\t\t\t<\/div>\n\t\t\t\t<\/div>\n\t\t\t\t\t<\/div>\n\t\t<\/div>\n\t\t\t\t<div class=\"elementor-column elementor-col-50 elementor-inner-column elementor-element elementor-element-e59b1e3\" data-id=\"e59b1e3\" data-element_type=\"column\">\n\t\t\t<div class=\"elementor-widget-wrap elementor-element-populated\">\n\t\t\t\t\t\t<div class=\"elementor-element elementor-element-d27d37c elementor-view-default elementor-widget elementor-widget-icon\" data-id=\"d27d37c\" data-element_type=\"widget\" data-widget_type=\"icon.default\">\n\t\t\t\t<div class=\"elementor-widget-container\">\n\t\t\t\t\t\t\t<div class=\"elementor-icon-wrapper\">\n\t\t\t<div class=\"elementor-icon\">\n\t\t\t<i aria-hidden=\"true\" class=\"fas fa-envelope\"><\/i>\t\t\t<\/div>\n\t\t<\/div>\n\t\t\t\t\t\t<\/div>\n\t\t\t\t<\/div>\n\t\t\t\t<div class=\"elementor-element elementor-element-579881d elementor-widget elementor-widget-text-editor\" data-id=\"579881d\" data-element_type=\"widget\" data-widget_type=\"text-editor.default\">\n\t\t\t\t<div class=\"elementor-widget-container\">\n\t\t\t\t\t\t\t\t\t<p><strong>stmarcelconduite@gmail.com<\/strong><\/p>\t\t\t\t\t\t\t\t<\/div>\n\t\t\t\t<\/div>\n\t\t\t\t\t<\/div>\n\t\t<\/div>\n\t\t\t\t\t<\/div>\n\t\t<\/section>\n\t\t\t\t\t<\/div>\n\t\t<\/div>\n\t\t\t\t\t<\/div>\n\t\t<\/section>\n\t\t\t\t<section class=\"elementor-section elementor-top-section elementor-element elementor-element-d958293 elementor-section-boxed elementor-section-height-default elementor-section-height-default\" data-id=\"d958293\" data-element_type=\"section\">\n\t\t\t\t\t\t<div class=\"elementor-container elementor-column-gap-default\">\n\t\t\t\t\t<div class=\"elementor-column elementor-col-100 elementor-top-column elementor-element elementor-element-5f06af9\" data-id=\"5f06af9\" data-element_type=\"column\">\n\t\t\t<div class=\"elementor-widget-wrap elementor-element-populated\">\n\t\t\t\t\t\t<div class=\"elementor-element elementor-element-43b379c elementor-widget elementor-widget-spacer\" data-id=\"43b379c\" data-element_type=\"widget\" data-widget_type=\"spacer.default\">\n\t\t\t\t<div class=\"elementor-widget-container\">\n\t\t\t\t\t\t\t<div class=\"elementor-spacer\">\n\t\t\t<div class=\"elementor-spacer-inner\"><\/div>\n\t\t<\/div>\n\t\t\t\t\t\t<\/div>\n\t\t\t\t<\/div>\n\t\t\t\t<div class=\"elementor-element elementor-element-9ef2003 elementor-shape-rounded elementor-grid-0 e-grid-align-center elementor-widget elementor-widget-social-icons\" data-id=\"9ef2003\" data-element_type=\"widget\" data-widget_type=\"social-icons.default\">\n\t\t\t\t<div class=\"elementor-widget-container\">\n\t\t\t\t\t\t\t<div class=\"elementor-social-icons-wrapper elementor-grid\">\n\t\t\t\t\t\t\t<span class=\"elementor-grid-item\">\n\t\t\t\t\t<a class=\"elementor-icon elementor-social-icon elementor-social-icon-facebook elementor-repeater-item-603e2bd\" href=\"https:\/\/www.facebook.com\/chateau9conduite\/\" target=\"_blank\">\n\t\t\t\t\t\t<span class=\"elementor-screen-only\">Facebook<\/span>\n\t\t\t\t\t\t<i class=\"fab fa-facebook\"><\/i>\t\t\t\t\t<\/a>\n\t\t\t\t<\/span>\n\t\t\t\t\t\t\t<span class=\"elementor-grid-item\">\n\t\t\t\t\t<a class=\"elementor-icon elementor-social-icon elementor-social-icon-instagram elementor-repeater-item-db49be5\" href=\"https:\/\/www.instagram.com\/chateau9conduite\/\" target=\"_blank\">\n\t\t\t\t\t\t<span class=\"elementor-screen-only\">Instagram<\/span>\n\t\t\t\t\t\t<i class=\"fab fa-instagram\"><\/i>\t\t\t\t\t<\/a>\n\t\t\t\t<\/span>\n\t\t\t\t\t<\/div>\n\t\t\t\t\t\t<\/div>\n\t\t\t\t<\/div>\n\t\t\t\t\t<\/div>\n\t\t<\/div>\n\t\t\t\t\t<\/div>\n\t\t<\/section>\n\t\t\t\t<\/div>\n\t\t","protected":false},"excerpt":{"rendered":"<p>Nos horaires Horaires du bureau :\u00a0 Lundi : 10H -12H \/ 13H -18H Mardi: 13H-18H Mercredi: 10H-12H \/ 13H-19H Jeudi: 10H -12H \/ 13H -18H Vendredi: 10H-12H \/ 13H-19H Samedi\u00a0 : 10H-12H Horaires des cours de code :\u00a0 Mardi\u00a0 \u00a0 \u00a0:\u00a0 \u00a017H-18H Mercredi:\u00a0 17H-19H Jeudi\u00a0 \u00a0 \u00a0 : 16H30-18H Vendredi: 17H-19H Samedi\u00a0 : 10H-12H 06.49.52.94.23 [&hellip;]<\/p>\n","protected":false},"author":1,"featured_media":0,"parent":0,"menu_order":0,"comment_status":"closed","ping_status":"closed","template":"","meta":{"site-sidebar-layout":"no-sidebar","site-content-layout":"page-builder","ast-site-content-layout":"","site-content-style":"default","site-sidebar-style":"default","ast-global-header-display":"","ast-banner-title-visibility":"","ast-main-header-display":"","ast-hfb-above-header-display":"","ast-hfb-below-header-display":"","ast-hfb-mobile-header-display":"","site-post-title":"disabled","ast-breadcrumbs-content":"","ast-featured-img":"disabled","footer-sml-layout":"","theme-transparent-header-meta":"default","adv-header-id-meta":"","stick-header-meta":"","header-above-stick-meta":"","header-main-stick-meta":"","header-below-stick-meta":"","astra-migrate-meta-layouts":"default","ast-page-background-enabled":"default","ast-page-background-meta":{"desktop":{"background-color":"","background-image":"","background-repeat":"repeat","background-position":"center center","background-size":"auto","background-attachment":"scroll","background-type":"","background-media":"","overlay-type":"","overlay-color":"","overlay-opacity":"","overlay-gradient":""},"tablet":{"background-color":"","background-image":"","background-repeat":"repeat","background-position":"center center","background-size":"auto","background-attachment":"scroll","background-type":"","background-media":"","overlay-type":"","overlay-color":"","overlay-opacity":"","overlay-gradient":""},"mobile":{"background-color":"","background-image":"","background-repeat":"repeat","background-position":"center center","background-size":"auto","background-attachment":"scroll","background-type":"","background-media":"","overlay-type":"","overlay-color":"","overlay-opacity":"","overlay-gradient":""}},"ast-content-background-meta":{"desktop":{"background-color":"var(--ast-global-color-5)","background-image":"","background-repeat":"repeat","background-position":"center center","background-size":"auto","background-attachment":"scroll","background-type":"","background-media":"","overlay-type":"","overlay-color":"","overlay-opacity":"","overlay-gradient":""},"tablet":{"background-color":"var(--ast-global-color-5)","background-image":"","background-repeat":"repeat","background-position":"center center","background-size":"auto","background-attachment":"scroll","background-type":"","background-media":"","overlay-type":"","overlay-color":"","overlay-opacity":"","overlay-gradient":""},"mobile":{"background-color":"var(--ast-global-color-5)","background-image":"","background-repeat":"repeat","background-position":"center center","background-size":"auto","background-attachment":"scroll","background-type":"","background-media":"","overlay-type":"","overlay-color":"","overlay-opacity":"","overlay-gradient":""}},"footnotes":""},"class_list":["post-52","page","type-page","status-publish","hentry"],"yoast_head":"<!-- This site is optimized with the Yoast SEO plugin v24.8 - https:\/\/yoast.com\/wordpress\/plugins\/seo\/ -->\n<title>Contact \/ Horaires - plan d&#039;acc\u00e8s st marcel conduite<\/title>\n<meta name=\"description\" content=\"Plan d&#039;acc\u00e8s, Contact et horaires de l&#039;agence de St marcel Conduite, auto \u00e9cole en Dr\u00f4me (26320). Contactez nous.\" \/>\n<meta name=\"robots\" content=\"index, follow, max-snippet:-1, max-image-preview:large, max-video-preview:-1\" \/>\n<link rel=\"canonical\" href=\"https:\/\/stmarcelconduite.com\/index.php\/contact-horaires\/\" \/>\n<meta property=\"og:locale\" content=\"fr_FR\" \/>\n<meta property=\"og:type\" content=\"article\" \/>\n<meta property=\"og:title\" content=\"Contact \/ Horaires - plan d&#039;acc\u00e8s st marcel conduite\" \/>\n<meta property=\"og:description\" content=\"Plan d&#039;acc\u00e8s, Contact et horaires de l&#039;agence de St marcel Conduite, auto \u00e9cole en Dr\u00f4me (26320). Contactez nous.\" \/>\n<meta property=\"og:url\" content=\"https:\/\/stmarcelconduite.com\/index.php\/contact-horaires\/\" \/>\n<meta property=\"article:publisher\" content=\"https:\/\/www.facebook.com\/chateau9conduite\" \/>\n<meta property=\"article:modified_time\" content=\"2025-08-31T09:50:55+00:00\" \/>\n<meta property=\"og:image\" content=\"https:\/\/stmarcelconduite.com\/wp-content\/uploads\/2021\/08\/st-marcel-conduite-3.png\" \/>\n\t<meta property=\"og:image:width\" content=\"496\" \/>\n\t<meta property=\"og:image:height\" content=\"234\" \/>\n\t<meta property=\"og:image:type\" content=\"image\/png\" \/>\n<meta name=\"twitter:card\" content=\"summary_large_image\" \/>\n<meta name=\"twitter:label1\" content=\"Dur\u00e9e de lecture estim\u00e9e\" \/>\n\t<meta name=\"twitter:data1\" content=\"1 minute\" \/>\n<script type=\"application\/ld+json\" class=\"yoast-schema-graph\">{\"@context\":\"https:\/\/schema.org\",\"@graph\":[{\"@type\":\"WebPage\",\"@id\":\"https:\/\/stmarcelconduite.com\/index.php\/contact-horaires\/\",\"url\":\"https:\/\/stmarcelconduite.com\/index.php\/contact-horaires\/\",\"name\":\"Contact \/ Horaires - plan d'acc\u00e8s st marcel conduite\",\"isPartOf\":{\"@id\":\"https:\/\/stmarcelconduite.com\/#website\"},\"datePublished\":\"2021-07-02T08:32:57+00:00\",\"dateModified\":\"2025-08-31T09:50:55+00:00\",\"description\":\"Plan d'acc\u00e8s, Contact et horaires de l'agence de St marcel Conduite, auto \u00e9cole en Dr\u00f4me (26320). Contactez nous.\",\"breadcrumb\":{\"@id\":\"https:\/\/stmarcelconduite.com\/index.php\/contact-horaires\/#breadcrumb\"},\"inLanguage\":\"fr-FR\",\"potentialAction\":[{\"@type\":\"ReadAction\",\"target\":[\"https:\/\/stmarcelconduite.com\/index.php\/contact-horaires\/\"]}]},{\"@type\":\"BreadcrumbList\",\"@id\":\"https:\/\/stmarcelconduite.com\/index.php\/contact-horaires\/#breadcrumb\",\"itemListElement\":[{\"@type\":\"ListItem\",\"position\":1,\"name\":\"Accueil\",\"item\":\"https:\/\/stmarcelconduite.com\/\"},{\"@type\":\"ListItem\",\"position\":2,\"name\":\"Contact \/ Horaires\"}]},{\"@type\":\"WebSite\",\"@id\":\"https:\/\/stmarcelconduite.com\/#website\",\"url\":\"https:\/\/stmarcelconduite.com\/\",\"name\":\"Stmarcelconduite.com\",\"description\":\"\",\"publisher\":{\"@id\":\"https:\/\/stmarcelconduite.com\/#organization\"},\"potentialAction\":[{\"@type\":\"SearchAction\",\"target\":{\"@type\":\"EntryPoint\",\"urlTemplate\":\"https:\/\/stmarcelconduite.com\/?s={search_term_string}\"},\"query-input\":{\"@type\":\"PropertyValueSpecification\",\"valueRequired\":true,\"valueName\":\"search_term_string\"}}],\"inLanguage\":\"fr-FR\"},{\"@type\":\"Organization\",\"@id\":\"https:\/\/stmarcelconduite.com\/#organization\",\"name\":\"St Marcel Conduite\",\"url\":\"https:\/\/stmarcelconduite.com\/\",\"logo\":{\"@type\":\"ImageObject\",\"inLanguage\":\"fr-FR\",\"@id\":\"https:\/\/stmarcelconduite.com\/#\/schema\/logo\/image\/\",\"url\":\"https:\/\/stmarcelconduite.com\/wp-content\/uploads\/2021\/07\/cropped-st-marcel-conduite.png\",\"contentUrl\":\"https:\/\/stmarcelconduite.com\/wp-content\/uploads\/2021\/07\/cropped-st-marcel-conduite.png\",\"width\":500,\"height\":197,\"caption\":\"St Marcel Conduite\"},\"image\":{\"@id\":\"https:\/\/stmarcelconduite.com\/#\/schema\/logo\/image\/\"},\"sameAs\":[\"https:\/\/www.facebook.com\/chateau9conduite\",\"https:\/\/www.instagram.com\/chateau9stmarcel_conduite\/\"]}]}<\/script>\n<!-- \/ Yoast SEO plugin. -->","yoast_head_json":{"title":"Contact \/ Horaires - plan d'acc\u00e8s st marcel conduite","description":"Plan d'acc\u00e8s, Contact et horaires de l'agence de St marcel Conduite, auto \u00e9cole en Dr\u00f4me (26320). Contactez nous.","robots":{"index":"index","follow":"follow","max-snippet":"max-snippet:-1","max-image-preview":"max-image-preview:large","max-video-preview":"max-video-preview:-1"},"canonical":"https:\/\/stmarcelconduite.com\/index.php\/contact-horaires\/","og_locale":"fr_FR","og_type":"article","og_title":"Contact \/ Horaires - plan d'acc\u00e8s st marcel conduite","og_description":"Plan d'acc\u00e8s, Contact et horaires de l'agence de St marcel Conduite, auto \u00e9cole en Dr\u00f4me (26320). Contactez nous.","og_url":"https:\/\/stmarcelconduite.com\/index.php\/contact-horaires\/","article_publisher":"https:\/\/www.facebook.com\/chateau9conduite","article_modified_time":"2025-08-31T09:50:55+00:00","og_image":[{"width":496,"height":234,"url":"https:\/\/stmarcelconduite.com\/wp-content\/uploads\/2021\/08\/st-marcel-conduite-3.png","type":"image\/png"}],"twitter_card":"summary_large_image","twitter_misc":{"Dur\u00e9e de lecture estim\u00e9e":"1 minute"},"schema":{"@context":"https:\/\/schema.org","@graph":[{"@type":"WebPage","@id":"https:\/\/stmarcelconduite.com\/index.php\/contact-horaires\/","url":"https:\/\/stmarcelconduite.com\/index.php\/contact-horaires\/","name":"Contact \/ Horaires - plan d'acc\u00e8s st marcel conduite","isPartOf":{"@id":"https:\/\/stmarcelconduite.com\/#website"},"datePublished":"2021-07-02T08:32:57+00:00","dateModified":"2025-08-31T09:50:55+00:00","description":"Plan d'acc\u00e8s, Contact et horaires de l'agence de St marcel Conduite, auto \u00e9cole en Dr\u00f4me (26320). Contactez nous.","breadcrumb":{"@id":"https:\/\/stmarcelconduite.com\/index.php\/contact-horaires\/#breadcrumb"},"inLanguage":"fr-FR","potentialAction":[{"@type":"ReadAction","target":["https:\/\/stmarcelconduite.com\/index.php\/contact-horaires\/"]}]},{"@type":"BreadcrumbList","@id":"https:\/\/stmarcelconduite.com\/index.php\/contact-horaires\/#breadcrumb","itemListElement":[{"@type":"ListItem","position":1,"name":"Accueil","item":"https:\/\/stmarcelconduite.com\/"},{"@type":"ListItem","position":2,"name":"Contact \/ Horaires"}]},{"@type":"WebSite","@id":"https:\/\/stmarcelconduite.com\/#website","url":"https:\/\/stmarcelconduite.com\/","name":"Stmarcelconduite.com","description":"","publisher":{"@id":"https:\/\/stmarcelconduite.com\/#organization"},"potentialAction":[{"@type":"SearchAction","target":{"@type":"EntryPoint","urlTemplate":"https:\/\/stmarcelconduite.com\/?s={search_term_string}"},"query-input":{"@type":"PropertyValueSpecification","valueRequired":true,"valueName":"search_term_string"}}],"inLanguage":"fr-FR"},{"@type":"Organization","@id":"https:\/\/stmarcelconduite.com\/#organization","name":"St Marcel Conduite","url":"https:\/\/stmarcelconduite.com\/","logo":{"@type":"ImageObject","inLanguage":"fr-FR","@id":"https:\/\/stmarcelconduite.com\/#\/schema\/logo\/image\/","url":"https:\/\/stmarcelconduite.com\/wp-content\/uploads\/2021\/07\/cropped-st-marcel-conduite.png","contentUrl":"https:\/\/stmarcelconduite.com\/wp-content\/uploads\/2021\/07\/cropped-st-marcel-conduite.png","width":500,"height":197,"caption":"St Marcel Conduite"},"image":{"@id":"https:\/\/stmarcelconduite.com\/#\/schema\/logo\/image\/"},"sameAs":["https:\/\/www.facebook.com\/chateau9conduite","https:\/\/www.instagram.com\/chateau9stmarcel_conduite\/"]}]}},"_links":{"self":[{"href":"https:\/\/stmarcelconduite.com\/index.php\/wp-json\/wp\/v2\/pages\/52","targetHints":{"allow":["GET"]}}],"collection":[{"href":"https:\/\/stmarcelconduite.com\/index.php\/wp-json\/wp\/v2\/pages"}],"about":[{"href":"https:\/\/stmarcelconduite.com\/index.php\/wp-json\/wp\/v2\/types\/page"}],"author":[{"embeddable":true,"href":"https:\/\/stmarcelconduite.com\/index.php\/wp-json\/wp\/v2\/users\/1"}],"replies":[{"embeddable":true,"href":"https:\/\/stmarcelconduite.com\/index.php\/wp-json\/wp\/v2\/comments?post=52"}],"version-history":[{"count":42,"href":"https:\/\/stmarcelconduite.com\/index.php\/wp-json\/wp\/v2\/pages\/52\/revisions"}],"predecessor-version":[{"id":2168,"href":"https:\/\/stmarcelconduite.com\/index.php\/wp-json\/wp\/v2\/pages\/52\/revisions\/2168"}],"wp:attachment":[{"href":"https:\/\/stmarcelconduite.com\/index.php\/wp-json\/wp\/v2\/media?parent=52"}],"curies":[{"name":"wp","href":"https:\/\/api.w.org\/{rel}","templated":true}]}}